{"id":985,"date":"2021-11-19T13:19:57","date_gmt":"2021-11-19T10:19:57","guid":{"rendered":"https:\/\/www.bongo.ee\/?page_id=985"},"modified":"2024-12-30T14:39:34","modified_gmt":"2024-12-30T11:39:34","slug":"lisage-kaart-takso","status":"publish","type":"page","link":"https:\/\/bongo.ee\/fi\/lisage-kaart-takso\/","title":{"rendered":"Lis\u00e4\u00e4 kartta"},"content":{"rendered":"<p>Taksipalvelun maksaminen luottokortilla on k\u00e4tev\u00e4, nopea ja moderni tapa maksaa. Palvelu sopii vaativille asiakkaille, jotka eiv\u00e4t halua asettua k\u00e4teisell\u00e4.<br \/>\nMiksi et maksa taksipalvelua luottokortilla?<br \/>\nRekister\u00f6i luottokorttisi k\u00e4tev\u00e4\u00e4n j\u00e4rjestelm\u00e4\u00e4mme ja unohda k\u00e4teinen.<br \/>\nRekister\u00f6ityminen on helppoa!<br \/>\nPaina \u00abRegister\u00bb &#8211; painiketta ja noudata sitten ohjeita. Kun tilaat taksin, kerro l\u00e4hett\u00e4j\u00e4llemme, ett\u00e4 haluat maksaa <strong>luottokortilla<\/strong>.<br \/>\nMatkan lopussa varataan luottokortiltasi maksettava summa, joka n\u00e4kyy my\u00f6s taksimetriss\u00e4.<br \/>\nAjokustannukset lasketaan nykyisen hinnaston mukaan:<br \/>\n2.55\u20ac &#8211; aloitusmaksu<br \/>\n0.55\u20ac\/km (0.75\u20ac\/km)<br \/>\n0.15\u20ac\/min &#8211; aikaveloitus<\/p>\n<p>Jos matkakulut ovat kiinte\u00e4t, ilmoita l\u00e4hett\u00e4j\u00e4llemme m\u00e4\u00e4r\u00e4np\u00e4\u00e4, johon haluat menn\u00e4. L\u00e4hett\u00e4j\u00e4mme ilmoittaa sinulle v\u00e4litt\u00f6m\u00e4sti ajokustannukset.<br \/>\nRekister\u00f6idy nyt ja nauti kyydist\u00e4!<\/p>\n<p><a class=\"btn-link\" href=\"https:\/\/cardgate.taxigo.ee\" target=\"_blank\" rel=\"noopener\">REGISTER<\/a><\/p>","protected":false},"excerpt":{"rendered":"<p>Taksipalvelun maksaminen luottokortilla on k\u00e4tev\u00e4, nopea ja moderni tapa maksaa. Palvelu sopii vaativille asiakkaille, jotka eiv\u00e4t halua asettua k\u00e4teisell\u00e4. Miksi et maksa taksipalvelua luottokortilla? Rekister\u00f6i luottokorttisi k\u00e4tev\u00e4\u00e4n j\u00e4rjestelm\u00e4\u00e4mme ja unohda k\u00e4teinen. Rekister\u00f6ityminen on helppoa! Paina \u00abRegister\u00bb &#8211; painiketta ja noudata sitten ohjeita. Kun tilaat taksin, kerro l\u00e4hett\u00e4j\u00e4llemme, ett\u00e4 haluat maksaa luottokortilla. Matkan lopussa varataan luottokortiltasi [&hellip;]<\/p>\n","protected":false},"author":1,"featured_media":0,"parent":0,"menu_order":0,"comment_status":"closed","ping_status":"closed","template":"","meta":{"_acf_changed":false,"footnotes":""},"class_list":["post-985","page","type-page","status-publish","hentry"],"acf":[],"_links":{"self":[{"href":"https:\/\/bongo.ee\/fi\/wp-json\/wp\/v2\/pages\/985","targetHints":{"allow":["GET"]}}],"collection":[{"href":"https:\/\/bongo.ee\/fi\/wp-json\/wp\/v2\/pages"}],"about":[{"href":"https:\/\/bongo.ee\/fi\/wp-json\/wp\/v2\/types\/page"}],"author":[{"embeddable":true,"href":"https:\/\/bongo.ee\/fi\/wp-json\/wp\/v2\/users\/1"}],"replies":[{"embeddable":true,"href":"https:\/\/bongo.ee\/fi\/wp-json\/wp\/v2\/comments?post=985"}],"version-history":[{"count":5,"href":"https:\/\/bongo.ee\/fi\/wp-json\/wp\/v2\/pages\/985\/revisions"}],"predecessor-version":[{"id":1692,"href":"https:\/\/bongo.ee\/fi\/wp-json\/wp\/v2\/pages\/985\/revisions\/1692"}],"wp:attachment":[{"href":"https:\/\/bongo.ee\/fi\/wp-json\/wp\/v2\/media?parent=985"}],"curies":[{"name":"wp","href":"https:\/\/api.w.org\/{rel}","templated":true}]}}