{"id":845,"date":"2021-05-13T10:30:38","date_gmt":"2021-05-13T07:30:38","guid":{"rendered":"https:\/\/www.bongo.ee\/?page_id=845"},"modified":"2025-09-08T15:37:28","modified_gmt":"2025-09-08T12:37:28","slug":"autotooted","status":"publish","type":"page","link":"https:\/\/bongo.ee\/fi\/autotooted\/","title":{"rendered":"Autotuotteet"},"content":{"rendered":"<p>Meilt\u00e4 voit tilata varaosia, renkaita, tarvikkeita ja muita autoon tarvittavia tuotteita edulliseen hintaan. Emme tee my\u00f6nnytyksi\u00e4 laadussa, ja jokainen l\u00f6yt\u00e4\u00e4 valikoimastamme itselleen tarvitsemansa tuotteen. <\/p>\n<p>Tarjoamme hyv\u00e4n valikoiman edulliseen hintaan:<br \/>\n&#8211; johtavien tuottajien alkuper\u00e4isvaraosia (BOSH, CASTROL, DENSO, VALEO jne.)<br \/>\n&#8211; B-varaosia (samanlaatuisia kuin alkuper\u00e4iset)<br \/>\n&#8211; renkaita<br \/>\n&#8211; tarvikkeita<br \/>\n&#8211; muita autotuotteita.<\/p>\n<p>Toimitusaika riippuu konkreettisesta tuotteesta ja sen saatavuudesta varastossa: 1-5 ty\u00f6p\u00e4iv\u00e4\u00e4.<\/p>\n<p>Pidemm\u00e4n toimitusajan osalta ilmoitamme asiasta heti tilaajalle.<\/p>\n<p>Tilauksen esitt\u00e4minen<br \/>\n&#8211; puhelimitse <a href=\"tel:+37253531527\">+372 53 53 1527<\/a>, ma-pe klo 09:00 &#8211; 18:00 (paitsi valtiollisina juhlapyhin\u00e4)<br \/>\n&#8211; s\u00e4hk\u00f6postitse <a href=\"mailto:telli@bongo.ee\">telli@bongo.ee<\/a> tai<br \/>\n&#8211; alla olevan lomakkeen v\u00e4lityksell\u00e4 24 t. <\/p>\n<p>Vastaamme tilauksiin mahdollisimman pian yhden ty\u00f6p\u00e4iv\u00e4n kuluessa. Viikonloppuisin ja valtiollisina juhlapyhin\u00e4 saapuneisiin tilaisuuksiin vastaamme mahdollisimman pian, kuitenkin viimeist\u00e4\u00e4n seuraavan ty\u00f6p\u00e4iv\u00e4n aikana.<\/p>\n<p>Tuotteiden luovutus: ma-pe klo 09:00 &#8211; 20:00<\/p>\n<p>Ennakkosopimuksesta on Tallinnassa mahdollisuus luovuttaa tuotteet asiakkaalle my\u00f6s viikonloppuina ja valtiollisina juhlapyhin\u00e4.<br \/>\nAsiantuntijamme ovat siin\u00e4 apunanne.<\/p>\n<p>Tilauksiin liittyv\u00e4t tiedot ja muut kysymykset<br \/>\nJevgeni Djubanov<br \/>\n<a href=\"mailto:jevgeni@bongo.ee\">jevgeni@bongo.ee<\/a><br \/>\n<a href=\"tel:+37253531527\">+372 53 53 1527<\/a><\/p>\n<div class=\"pusikliendile-form-div\">\n<div class=\"pusikliendile-form-div-inner-wrap\">\n\n<div class=\"wpcf7 no-js\" id=\"wpcf7-f927-o5\" lang=\"en-US\" dir=\"ltr\" data-wpcf7-id=\"927\">\n<div class=\"screen-reader-response\"><p role=\"status\" aria-live=\"polite\" aria-atomic=\"true\"><\/p> <ul><\/ul><\/div>\n<form action=\"\/fi\/wp-json\/wp\/v2\/pages\/845#wpcf7-f927-o5\" method=\"post\" class=\"wpcf7-form init\" aria-label=\"Contact form\" novalidate=\"novalidate\" data-status=\"init\">\n<fieldset class=\"hidden-fields-container\"><input type=\"hidden\" name=\"_wpcf7\" value=\"927\" \/><input type=\"hidden\" name=\"_wpcf7_version\" value=\"6.1.4\" \/><input type=\"hidden\" name=\"_wpcf7_locale\" value=\"en_US\" \/><input type=\"hidden\" name=\"_wpcf7_unit_tag\" value=\"wpcf7-f927-o5\" \/><input type=\"hidden\" name=\"_wpcf7_container_post\" value=\"0\" \/><input type=\"hidden\" name=\"_wpcf7_posted_data_hash\" value=\"\" \/><input type=\"hidden\" name=\"_wpcf7_recaptcha_response\" value=\"\" \/>\n<\/fieldset>\n<p><span class=\"wpcf7-form-control-wrap\" data-name=\"nimi-934\"><input size=\"40\" maxlength=\"400\" class=\"wpcf7-form-control wpcf7-text wpcf7-validates-as-required half-left\" aria-required=\"true\" aria-invalid=\"false\" placeholder=\"Nimi\" value=\"\" type=\"text\" name=\"nimi-934\" \/><\/span><span class=\"wpcf7-form-control-wrap\" data-name=\"tel-862\"><input size=\"40\" maxlength=\"400\" class=\"wpcf7-form-control wpcf7-tel wpcf7-validates-as-required wpcf7-text wpcf7-validates-as-tel half-right\" aria-required=\"true\" aria-invalid=\"false\" placeholder=\"Puhelin\" value=\"\" type=\"tel\" name=\"tel-862\" \/><\/span><br \/>\n<span class=\"wpcf7-form-control-wrap\" data-name=\"email-333\"><input size=\"40\" maxlength=\"400\" class=\"wpcf7-form-control wpcf7-email wpcf7-validates-as-required wpcf7-text wpcf7-validates-as-email\" aria-required=\"true\" aria-invalid=\"false\" placeholder=\"S\u00e4hk\u00f6posti\" value=\"\" type=\"email\" name=\"email-333\" \/><\/span><br \/>\n<span id=\"wpcf7-6a07a24e269d1-wrapper\" class=\"wpcf7-form-control-wrap honeypot-774-wrap\" style=\"display:none !important; visibility:hidden !important;\"><input type=\"hidden\" name=\"honeypot-774-time-start\" value=\"1778885198\"><input type=\"hidden\" name=\"honeypot-774-time-check\" value=\"3\"><label for=\"wpcf7-6a07a24e269d1-field\" class=\"hp-message\">Please leave this field empty.<\/label><input id=\"wpcf7-6a07a24e269d1-field\"  placeholder=\"Bongo\"  class=\"wpcf7-form-control wpcf7-text\" type=\"text\" name=\"honeypot-774\" value=\"\" size=\"40\" tabindex=\"-1\" autocomplete=\"off\" \/><\/span><br \/>\n<span class=\"wpcf7-form-control-wrap\" data-name=\"text-278\"><input size=\"40\" maxlength=\"400\" class=\"wpcf7-form-control wpcf7-text wpcf7-validates-as-required\" aria-required=\"true\" aria-invalid=\"false\" placeholder=\"Automaattinen reg. m\u00e4\u00e4r\u00e4\" value=\"\" type=\"text\" name=\"text-278\" \/><\/span><br \/>\n<span class=\"wpcf7-form-control-wrap\" data-name=\"text-949\"><input size=\"40\" maxlength=\"400\" class=\"wpcf7-form-control wpcf7-text wpcf7-validates-as-required\" aria-required=\"true\" aria-invalid=\"false\" placeholder=\"Merkki ja malli\" value=\"\" type=\"text\" name=\"text-949\" \/><\/span><br \/>\n<span class=\"wpcf7-form-control-wrap\" data-name=\"textarea-282\"><textarea cols=\"40\" rows=\"10\" maxlength=\"2000\" class=\"wpcf7-form-control wpcf7-textarea wpcf7-validates-as-required\" aria-required=\"true\" aria-invalid=\"false\" placeholder=\"Lis\u00e4tietoja\" name=\"textarea-282\"><\/textarea><\/span>\n<\/p>\n<p><input class=\"wpcf7-form-control wpcf7-submit has-spinner\" type=\"submit\" value=\"L\u00c4HTETA\" \/>\n<\/p><p style=\"display: none !important;\" class=\"akismet-fields-container\" data-prefix=\"_wpcf7_ak_\"><label>&#916;<textarea name=\"_wpcf7_ak_hp_textarea\" cols=\"45\" rows=\"8\" maxlength=\"100\"><\/textarea><\/label><input type=\"hidden\" id=\"ak_js_5\" name=\"_wpcf7_ak_js\" value=\"88\"\/><script>document.getElementById( \"ak_js_5\" ).setAttribute( \"value\", ( new Date() ).getTime() );<\/script><\/p><input type='hidden' class='wpcf7-pum' value='{\"closepopup\":false,\"closedelay\":0,\"openpopup\":false,\"openpopup_id\":0}' \/><div class=\"wpcf7-response-output\" aria-hidden=\"true\"><\/div>\n<\/form>\n<\/div>\n\n<\/div>\n<\/div>\n<p><\/p>","protected":false},"excerpt":{"rendered":"<p>Meilt\u00e4 voit tilata varaosia, renkaita, tarvikkeita ja muita autoon tarvittavia tuotteita edulliseen hintaan. Emme tee my\u00f6nnytyksi\u00e4 laadussa, ja jokainen l\u00f6yt\u00e4\u00e4 valikoimastamme itselleen tarvitsemansa tuotteen. Tarjoamme hyv\u00e4n valikoiman edulliseen hintaan: &#8211; johtavien tuottajien alkuper\u00e4isvaraosia (BOSH, CASTROL, DENSO, VALEO jne.) &#8211; B-varaosia (samanlaatuisia kuin alkuper\u00e4iset) &#8211; renkaita &#8211; tarvikkeita &#8211; muita autotuotteita. Toimitusaika riippuu konkreettisesta tuotteesta ja [&hellip;]<\/p>\n","protected":false},"author":1,"featured_media":0,"parent":0,"menu_order":0,"comment_status":"closed","ping_status":"closed","template":"","meta":{"_acf_changed":false,"footnotes":""},"class_list":["post-845","page","type-page","status-publish","hentry"],"acf":[],"_links":{"self":[{"href":"https:\/\/bongo.ee\/fi\/wp-json\/wp\/v2\/pages\/845","targetHints":{"allow":["GET"]}}],"collection":[{"href":"https:\/\/bongo.ee\/fi\/wp-json\/wp\/v2\/pages"}],"about":[{"href":"https:\/\/bongo.ee\/fi\/wp-json\/wp\/v2\/types\/page"}],"author":[{"embeddable":true,"href":"https:\/\/bongo.ee\/fi\/wp-json\/wp\/v2\/users\/1"}],"replies":[{"embeddable":true,"href":"https:\/\/bongo.ee\/fi\/wp-json\/wp\/v2\/comments?post=845"}],"version-history":[{"count":5,"href":"https:\/\/bongo.ee\/fi\/wp-json\/wp\/v2\/pages\/845\/revisions"}],"predecessor-version":[{"id":1761,"href":"https:\/\/bongo.ee\/fi\/wp-json\/wp\/v2\/pages\/845\/revisions\/1761"}],"wp:attachment":[{"href":"https:\/\/bongo.ee\/fi\/wp-json\/wp\/v2\/media?parent=845"}],"curies":[{"name":"wp","href":"https:\/\/api.w.org\/{rel}","templated":true}]}}