{"id":630,"date":"2020-09-14T20:17:31","date_gmt":"2020-09-14T17:17:31","guid":{"rendered":"https:\/\/bongo.ee\/?page_id=630"},"modified":"2024-01-10T17:18:38","modified_gmt":"2024-01-10T14:18:38","slug":"arikliendile","status":"publish","type":"page","link":"https:\/\/bongo.ee\/fi\/arikliendile\/","title":{"rendered":"Liikeasiakkaalle"},"content":{"rendered":"<p>Yrityksemme erottuu &#8221;Bongo Takso&#8221; kohtuullisen hinnan ja korkeatasoisen palvelun tasolla. Parkkipaikka on aina teknisesti hyv\u00e4ss\u00e4 kunnossa. Johtajat ovat kohteliaita ja tarkkoja, nopeasti suuntautuneet monimutkaisissa tilanteissa.<\/p>\n<p>Liiketoiminnan asiakassopimukset tulivat Tallinnan yrityksiin ja siirtyiv\u00e4t Viroon matkustamaan kiinte\u00e4\u00e4n hintaan. Meid\u00e4n kanssamme voit tehd\u00e4 liiketoimintaa ja edustusta, matkustamista, ty\u00f6ntekij\u00f6it\u00e4, ty\u00f6t\u00e4 ja kotia. Voit olla varma, ett\u00e4 liikekumppanit vieraat tulevat hienosti m\u00e4\u00e4r\u00e4np\u00e4\u00e4h\u00e4n. Osoitamme my\u00f6s kuriiripalveluja ja tekem\u00e4\u00e4n asiakirjat ja erikoispaketit osoitteeseen.<\/p>\n<p>Jos etsit luotettavaa, nopeaa ja turvallista taksipalvelua yritysasemille, ota meihin yhteytt\u00e4. Otamme mielell\u00e4mme neuvoja ja keskustelemme yrityksesi tarpeista ja olosuhteista. Erilaisia alennuksia laajennetaan my\u00f6s eri palveluiden yritysasiakkaille. Laskutus tapahtuu kerran kuukaudessa laskun perusteella.<\/p>\n<p>K\u00e4ytt\u00e4ess\u00e4si Bongo Businessia voit valita seuraavista vaihtoehdoista:<br \/>\n\u2022 Yritysmatkat.<br \/>\n\u2022 Liike- ja edustusmatkat.<br \/>\n\u2022 Liikekumppaninne ja vieraidenne kuljetukset.<br \/>\n\u2022 Ty\u00f6ntekij\u00f6idenne kuljetukset t\u00f6ihin ja kotiin.<\/p>\n<p>Liikeasiakkaamme saavat lis\u00e4ksi yrityksemme erilaisia lis\u00e4palveluja edullisempaan hintaan. Bongo Business -k\u00e4ytt\u00e4jill\u00e4 on taksin tilaaminen 24 tuntia vuorokaudessa.<\/p>\n<p>Olemme valmiita vastaamaan t\u00e4sment\u00e4viin kysymyksiin ja sopeuttamaan palvelua yrityksenne tarpeiden mukaisesti. Sopimusehdoista tai haluttaessa neuvottelemaan <a href=\"tel:+37253441111\">53 44 1111<\/a> kirjoittamalla s\u00e4hk\u00f6postia osoitteeseen <a href=\"mailto: info@bongo.ee\">info@bongo.ee<\/a> tai t\u00e4yt\u00e4 alla oleva hakemuslomake.<\/p>\n<p>\n<div class=\"wpcf7 no-js\" id=\"wpcf7-f878-o5\" lang=\"en-US\" dir=\"ltr\" data-wpcf7-id=\"878\">\n<div class=\"screen-reader-response\"><p role=\"status\" aria-live=\"polite\" aria-atomic=\"true\"><\/p> <ul><\/ul><\/div>\n<form action=\"\/fi\/wp-json\/wp\/v2\/pages\/630#wpcf7-f878-o5\" method=\"post\" class=\"wpcf7-form init\" aria-label=\"Contact form\" novalidate=\"novalidate\" data-status=\"init\">\n<fieldset class=\"hidden-fields-container\"><input type=\"hidden\" name=\"_wpcf7\" value=\"878\" \/><input type=\"hidden\" name=\"_wpcf7_version\" value=\"6.1.4\" \/><input type=\"hidden\" name=\"_wpcf7_locale\" value=\"en_US\" \/><input type=\"hidden\" name=\"_wpcf7_unit_tag\" value=\"wpcf7-f878-o5\" \/><input type=\"hidden\" name=\"_wpcf7_container_post\" value=\"0\" \/><input type=\"hidden\" name=\"_wpcf7_posted_data_hash\" value=\"\" \/><input type=\"hidden\" name=\"_wpcf7_recaptcha_response\" value=\"\" \/>\n<\/fieldset>\n<p><span class=\"wpcf7-form-control-wrap\" data-name=\"firma-535\"><input size=\"40\" maxlength=\"400\" class=\"wpcf7-form-control wpcf7-text wpcf7-validates-as-required\" aria-required=\"true\" aria-invalid=\"false\" placeholder=\"Yrityksen nimi\" value=\"\" type=\"text\" name=\"firma-535\" \/><\/span><br \/>\n<span class=\"wpcf7-form-control-wrap\" data-name=\"nimi-535\"><input size=\"40\" maxlength=\"400\" class=\"wpcf7-form-control wpcf7-text wpcf7-validates-as-required half-left\" aria-required=\"true\" aria-invalid=\"false\" placeholder=\"Nimi\" value=\"\" type=\"text\" name=\"nimi-535\" \/><\/span><span class=\"wpcf7-form-control-wrap\" data-name=\"perekonnanimi-535\"><input size=\"40\" maxlength=\"400\" class=\"wpcf7-form-control wpcf7-text wpcf7-validates-as-required half-right\" aria-required=\"true\" aria-invalid=\"false\" placeholder=\"Sukunimi\" value=\"\" type=\"text\" name=\"perekonnanimi-535\" \/><\/span><br \/>\n<span class=\"wpcf7-form-control-wrap\" data-name=\"email-997\"><input size=\"40\" maxlength=\"400\" class=\"wpcf7-form-control wpcf7-email wpcf7-validates-as-required wpcf7-text wpcf7-validates-as-email longer\" aria-required=\"true\" aria-invalid=\"false\" placeholder=\"S\u00e4hk\u00f6posti\" value=\"\" type=\"email\" name=\"email-997\" \/><\/span><span class=\"wpcf7-form-control-wrap\" data-name=\"telefon-535\"><input size=\"40\" maxlength=\"400\" class=\"wpcf7-form-control wpcf7-text wpcf7-validates-as-required shorter\" aria-required=\"true\" aria-invalid=\"false\" placeholder=\"Puhelin\" value=\"\" type=\"text\" name=\"telefon-535\" \/><\/span><br \/>\n<input class=\"wpcf7-form-control wpcf7-submit has-spinner\" type=\"submit\" value=\"L\u00c4HET\u00c4\" \/>\n<\/p><p style=\"display: none !important;\" class=\"akismet-fields-container\" data-prefix=\"_wpcf7_ak_\"><label>&#916;<textarea name=\"_wpcf7_ak_hp_textarea\" cols=\"45\" rows=\"8\" maxlength=\"100\"><\/textarea><\/label><input type=\"hidden\" id=\"ak_js_5\" name=\"_wpcf7_ak_js\" value=\"85\"\/><script>document.getElementById( \"ak_js_5\" ).setAttribute( \"value\", ( new Date() ).getTime() );<\/script><\/p><input type='hidden' class='wpcf7-pum' value='{\"closepopup\":false,\"closedelay\":0,\"openpopup\":false,\"openpopup_id\":0}' \/><div class=\"wpcf7-response-output\" aria-hidden=\"true\"><\/div>\n<\/form>\n<\/div>\n<\/p>","protected":false},"excerpt":{"rendered":"<p>Yrityksemme erottuu &#8221;Bongo Takso&#8221; kohtuullisen hinnan ja korkeatasoisen palvelun tasolla. Parkkipaikka on aina teknisesti hyv\u00e4ss\u00e4 kunnossa. Johtajat ovat kohteliaita ja tarkkoja, nopeasti suuntautuneet monimutkaisissa tilanteissa. Liiketoiminnan asiakassopimukset tulivat Tallinnan yrityksiin ja siirtyiv\u00e4t Viroon matkustamaan kiinte\u00e4\u00e4n hintaan. Meid\u00e4n kanssamme voit tehd\u00e4 liiketoimintaa ja edustusta, matkustamista, ty\u00f6ntekij\u00f6it\u00e4, ty\u00f6t\u00e4 ja kotia. Voit olla varma, ett\u00e4 liikekumppanit vieraat tulevat [&hellip;]<\/p>\n","protected":false},"author":1,"featured_media":0,"parent":0,"menu_order":0,"comment_status":"closed","ping_status":"closed","template":"","meta":{"_acf_changed":false,"footnotes":""},"class_list":["post-630","page","type-page","status-publish","hentry"],"acf":[],"_links":{"self":[{"href":"https:\/\/bongo.ee\/fi\/wp-json\/wp\/v2\/pages\/630","targetHints":{"allow":["GET"]}}],"collection":[{"href":"https:\/\/bongo.ee\/fi\/wp-json\/wp\/v2\/pages"}],"about":[{"href":"https:\/\/bongo.ee\/fi\/wp-json\/wp\/v2\/types\/page"}],"author":[{"embeddable":true,"href":"https:\/\/bongo.ee\/fi\/wp-json\/wp\/v2\/users\/1"}],"replies":[{"embeddable":true,"href":"https:\/\/bongo.ee\/fi\/wp-json\/wp\/v2\/comments?post=630"}],"version-history":[{"count":5,"href":"https:\/\/bongo.ee\/fi\/wp-json\/wp\/v2\/pages\/630\/revisions"}],"predecessor-version":[{"id":1475,"href":"https:\/\/bongo.ee\/fi\/wp-json\/wp\/v2\/pages\/630\/revisions\/1475"}],"wp:attachment":[{"href":"https:\/\/bongo.ee\/fi\/wp-json\/wp\/v2\/media?parent=630"}],"curies":[{"name":"wp","href":"https:\/\/api.w.org\/{rel}","templated":true}]}}