{"id":1786,"date":"2026-01-28T06:24:07","date_gmt":"2026-01-28T03:24:07","guid":{"rendered":"https:\/\/www.bongo.ee\/?page_id=1786"},"modified":"2026-03-27T11:37:32","modified_gmt":"2026-03-27T08:37:32","slug":"uudised","status":"publish","type":"page","link":"https:\/\/bongo.ee\/fi\/uudised\/","title":{"rendered":"Uudised"},"content":{"rendered":"<p><\/p>\n<div class=\"pages\">1, <a href=\"https:\/\/www.bongo.ee\/fi\/uudised-1\/\">2<\/a>, <a href=\"https:\/\/www.bongo.ee\/fi\/uudised-2\/\">3<\/a>, <a href=\"https:\/\/www.bongo.ee\/fi\/uudised-3\/\">4<\/a><\/div>\n<h4>27.03.2026<\/h4>\n<h3 class=\"news\">Luota kuljetus Bongo Taksoon<\/h3>\n<p style=\"text-align: justify;\">Suunnitteletko matkaa tai oletko vastaanottamassa vieraita? Luota <a href=\"https:\/\/www.bongo.ee\/fi\/transfeerteenus\/\">kuljetus<\/a> Bongo Taksoon. <\/p>\n<p style=\"text-align: justify;\">Olemme jo yli 9 vuoden ajan tarjonneet mukavia ja t\u00e4sm\u00e4llisi\u00e4 kuljetuksia \u2014 sin\u00e4 rentoudut, me hoidamme kaiken.<\/p>\n<p style=\"text-align: justify;\">\u2713 Huomioimme lennon aikataulun, matkatavarat ja kaikki yksityiskohdat.<br \/>\n\u2713 Valitsemme sinulle sopivan ajoneuvon.<br \/>\n\u2713 Saavumme ajoissa ja autamme matkatavaroiden kanssa.<br \/>\n\u2713 Otamme sinut vastaan lentokent\u00e4ll\u00e4 nimikyltin kanssa ja viemme suoraan perille.<\/p>\n<p style=\"text-align: justify;\">Olipa kyseess\u00e4 liikekumppaneiden tai l\u00e4heisten vastaanotto lentokent\u00e4ll\u00e4, satamassa tai rautatieasemalla \u2014 j\u00e4rjest\u00e4mme kaiken korkeatasoisesti.<\/p>\n<p style=\"text-align: justify;\">Aloita ja p\u00e4\u00e4t\u00e4 matkasi ilman turhaa stressi\u00e4 \u2014 Bongo Takson kanssa!<\/p>\n<p><img decoding=\"async\" src=\"https:\/\/www.bongo.ee\/wp-content\/uploads\/bt2026_10.jpg\" alt=\"Luota kuljetus Bongo Taksoon\" width=\"100%\" \/><\/p>\n<hr width=\"100%\" \/>\n<p>&nbsp;<\/p>\n<h4>16.02.2026<\/h4>\n<h3 class=\"news\">Bongo Takson autokanta on j\u00e4lleen t\u00e4ydentynyt!<\/h3>\n<p style=\"text-align: justify;\">Meill\u00e4 on ilo ilmoittaa uuden ajoneuvon &mdash; Toyota Corolla Crossin &mdash; hankinnasta. T\u00e4m\u00e4 on jo seitsem\u00e4s uusi auto, jonka olemme lis\u00e4nneet autokantaamme viimeisen vuoden aikana.<\/p>\n<p style=\"text-align: justify;\">Emme pys\u00e4hdy paikallemme &mdash; kehit\u00e4mme toimintaamme jatkuvasti ja ymm\u00e4rr\u00e4mme, kuinka t\u00e4rke\u00e4\u00e4 on uudistaa autokantaa s\u00e4\u00e4nn\u00f6llisesti. Mukavuus, turvallisuus ja moderni teknologia ovat meille ensisijaisia. Siksi valitsemme luotettavia ja nykyaikaisia ajoneuvoja, jotka vastaavat asiakkaidemme odotuksia.<\/p>\n<p style=\"text-align: justify;\">T\u00e4m\u00e4 kaunotar liittyi riveihimme hiljattain ja on jo valmis ilahduttamaan arvostettuja matkustajiamme.<\/p>\n<p style=\"text-align: justify;\">Pyrimme kulkemaan ajan mukana ja huomioimaan asiakkaidemme toiveet. Bongo Takso &mdash; eteenp\u00e4in yhdess\u00e4 kanssasi!<\/p>\n<p><img decoding=\"async\" src=\"https:\/\/www.bongo.ee\/wp-content\/uploads\/bt2026_05.jpg\" width=\"100%\" alt=\"Bongo Takson autokanta on j\u00e4lleen t\u00e4ydentynyt\"\/><\/p>\n<hr width=\"100%\" \/>\n<p>&nbsp;<\/p>\n<h4>15.10.2025<\/h4>\n<h3 class=\"news\">M\u00e4leta Bingo-Bongo<\/h3>\n<p style=\"text-align: justify;\">Tee oma s\u00f5idud Bongo Takso-ga veelgi nauditavamaks ja odavamaks! Lihtsalt \u00fctle tellimisel maagiline fraas \u00abBingo-Bongo\u00bb \u2013 ja soodustustariif aktiveeritakse kohe.<\/p>\n<p style=\"text-align: justify;\">M\u00e4leta <strong>Bingo-Bongo<\/strong>, kasuta ise ja jaga s\u00f5pradega!<\/p>\n<p><img decoding=\"async\" src=\"https:\/\/www.bongo.ee\/wp-content\/uploads\/bt2025_12.jpg\" alt=\"Bingo-Bongo\" width=\"100%\" \/><\/p>\n<hr width=\"100%\" \/>\n<p>&nbsp;<\/p>\n<div class=\"pages\">1, <a href=\"https:\/\/www.bongo.ee\/fi\/uudised-1\/\">2<\/a>, <a href=\"https:\/\/www.bongo.ee\/fi\/uudised-2\/\">3<\/a>, <a href=\"https:\/\/www.bongo.ee\/fi\/uudised-3\/\">4<\/a><\/div>\n<p><\/p>","protected":false},"excerpt":{"rendered":"<p>1, 2, 3, 4 27.03.2026 Luota kuljetus Bongo Taksoon Suunnitteletko matkaa tai oletko vastaanottamassa vieraita? Luota kuljetus Bongo Taksoon. Olemme jo yli 9 vuoden ajan tarjonneet mukavia ja t\u00e4sm\u00e4llisi\u00e4 kuljetuksia \u2014 sin\u00e4 rentoudut, me hoidamme kaiken. \u2713 Huomioimme lennon aikataulun, matkatavarat ja kaikki yksityiskohdat. \u2713 Valitsemme sinulle sopivan ajoneuvon. \u2713 Saavumme ajoissa ja autamme matkatavaroiden [&hellip;]<\/p>\n","protected":false},"author":1,"featured_media":0,"parent":0,"menu_order":0,"comment_status":"closed","ping_status":"closed","template":"","meta":{"_acf_changed":false,"footnotes":""},"class_list":["post-1786","page","type-page","status-publish","hentry"],"acf":[],"_links":{"self":[{"href":"https:\/\/bongo.ee\/fi\/wp-json\/wp\/v2\/pages\/1786","targetHints":{"allow":["GET"]}}],"collection":[{"href":"https:\/\/bongo.ee\/fi\/wp-json\/wp\/v2\/pages"}],"about":[{"href":"https:\/\/bongo.ee\/fi\/wp-json\/wp\/v2\/types\/page"}],"author":[{"embeddable":true,"href":"https:\/\/bongo.ee\/fi\/wp-json\/wp\/v2\/users\/1"}],"replies":[{"embeddable":true,"href":"https:\/\/bongo.ee\/fi\/wp-json\/wp\/v2\/comments?post=1786"}],"version-history":[{"count":5,"href":"https:\/\/bongo.ee\/fi\/wp-json\/wp\/v2\/pages\/1786\/revisions"}],"predecessor-version":[{"id":1883,"href":"https:\/\/bongo.ee\/fi\/wp-json\/wp\/v2\/pages\/1786\/revisions\/1883"}],"wp:attachment":[{"href":"https:\/\/bongo.ee\/fi\/wp-json\/wp\/v2\/media?parent=1786"}],"curies":[{"name":"wp","href":"https:\/\/api.w.org\/{rel}","templated":true}]}}