{"id":1744,"date":"2025-09-08T15:55:09","date_gmt":"2025-09-08T12:55:09","guid":{"rendered":"https:\/\/www.bongo.ee\/?page_id=1744"},"modified":"2026-04-07T14:37:01","modified_gmt":"2026-04-07T11:37:01","slug":"reklaam","status":"publish","type":"page","link":"https:\/\/bongo.ee\/fi\/reklaam\/","title":{"rendered":"Mainosta Bongo Takso -autoissa"},"content":{"rendered":"<p>Haluatko, ett\u00e4 br\u00e4ndisi n\u00e4hd\u00e4\u00e4n p\u00e4ivitt\u00e4in tuhansien ihmisten toimesta? Bongo Takso Tallinnassa tarjoaa ainutlaatuisen mahdollisuuden mainostaa yrityst\u00e4si suoraan autoissamme!<\/p>\n<h3 class=\"news\">Tarjoamme mainospaikkoja:<\/h3>\n<p>\u2022 auton takalaseihin<br \/>\n\u2022 auton sivupylv\u00e4isiin<br \/>\n\u2022 auton sis\u00e4isiin p\u00e4\u00e4ntukiin<\/p>\n<h3 class=\"news\">Hinnat:<\/h3>\n<p>\u2713 T\u00e4ydellinen paketti (takalasi + sivupylv\u00e4\u00e4t + p\u00e4\u00e4ntuet) \u2014 20 \u20ac \/ p\u00e4iv\u00e4<br \/>\n\u2713 Takalasi + sivupylv\u00e4\u00e4t \u2014 15 \u20ac \/ p\u00e4iv\u00e4<br \/>\n\u2713 Sis\u00e4inen mainonta p\u00e4\u00e4ntuessa \u2014 5\u201310 \u20ac \/ p\u00e4iv\u00e4 (riippuen p\u00e4\u00e4ntukien m\u00e4\u00e4r\u00e4st\u00e4)<\/p>\n<h3 class=\"news\">Lis\u00e4ksi:<\/h3>\n<p>Voimme my\u00f6s julkaista mainoksesi Facebook- ja Instagram-sivuillamme, jotta tavoitat viel\u00e4 enemm\u00e4n potentiaalisia asiakkaita.<\/p>\n<p>Ota yhteytt\u00e4 keskustellaksesi yksityiskohdista ja valitaksesi parhaan vaihtoehdon yrityksellesi!<br \/>\n\n<div class=\"wpcf7 no-js\" id=\"wpcf7-f1757-o5\" lang=\"ru-RU\" dir=\"ltr\" data-wpcf7-id=\"1757\">\n<div class=\"screen-reader-response\"><p role=\"status\" aria-live=\"polite\" aria-atomic=\"true\"><\/p> <ul><\/ul><\/div>\n<form action=\"\/fi\/wp-json\/wp\/v2\/pages\/1744#wpcf7-f1757-o5\" method=\"post\" class=\"wpcf7-form init\" aria-label=\"\u041a\u043e\u043d\u0442\u0430\u043a\u0442\u043d\u0430\u044f \u0444\u043e\u0440\u043c\u0430\" novalidate=\"novalidate\" data-status=\"init\">\n<fieldset class=\"hidden-fields-container\"><input type=\"hidden\" name=\"_wpcf7\" value=\"1757\" \/><input type=\"hidden\" name=\"_wpcf7_version\" value=\"6.1.4\" \/><input type=\"hidden\" name=\"_wpcf7_locale\" value=\"ru_RU\" \/><input type=\"hidden\" name=\"_wpcf7_unit_tag\" value=\"wpcf7-f1757-o5\" \/><input type=\"hidden\" name=\"_wpcf7_container_post\" value=\"0\" \/><input type=\"hidden\" name=\"_wpcf7_posted_data_hash\" value=\"\" \/><input type=\"hidden\" name=\"_wpcf7_recaptcha_response\" value=\"\" \/>\n<\/fieldset>\n<p><span class=\"wpcf7-form-control-wrap\" data-name=\"text-594\"><input size=\"40\" maxlength=\"400\" class=\"wpcf7-form-control wpcf7-text wpcf7-validates-as-required\" aria-required=\"true\" aria-invalid=\"false\" placeholder=\"Nimi\" value=\"\" type=\"text\" name=\"text-594\" \/><\/span><br \/>\n<span class=\"wpcf7-form-control-wrap\" data-name=\"email-482\"><input size=\"40\" maxlength=\"400\" class=\"wpcf7-form-control wpcf7-email wpcf7-validates-as-required wpcf7-text wpcf7-validates-as-email longer\" aria-required=\"true\" aria-invalid=\"false\" placeholder=\"S\u00e4hk\u00f6posti\" value=\"\" type=\"email\" name=\"email-482\" \/><\/span><span class=\"wpcf7-form-control-wrap\" data-name=\"text-595\"><input size=\"40\" maxlength=\"400\" class=\"wpcf7-form-control wpcf7-text wpcf7-validates-as-required shorter\" aria-required=\"true\" aria-invalid=\"false\" placeholder=\"Puhelin\" value=\"\" type=\"text\" name=\"text-595\" \/><\/span><br \/>\n<span class=\"wpcf7-form-control-wrap\" data-name=\"tagasiside-499\"><textarea cols=\"40\" rows=\"10\" maxlength=\"2000\" class=\"wpcf7-form-control wpcf7-textarea wpcf7-validates-as-required kontakt-textarea\" aria-required=\"true\" aria-invalid=\"false\" placeholder=\"Palaute\" name=\"tagasiside-499\"><\/textarea><\/span>\n<\/p>\n<p><input class=\"wpcf7-form-control wpcf7-submit has-spinner\" type=\"submit\" value=\"L\u00c4HET\u00c4\" \/>\n<\/p><p style=\"display: none !important;\" class=\"akismet-fields-container\" data-prefix=\"_wpcf7_ak_\"><label>&#916;<textarea name=\"_wpcf7_ak_hp_textarea\" cols=\"45\" rows=\"8\" maxlength=\"100\"><\/textarea><\/label><input type=\"hidden\" id=\"ak_js_5\" name=\"_wpcf7_ak_js\" value=\"214\"\/><script>document.getElementById( \"ak_js_5\" ).setAttribute( \"value\", ( new Date() ).getTime() );<\/script><\/p><input type='hidden' class='wpcf7-pum' value='{\"closepopup\":false,\"closedelay\":0,\"openpopup\":false,\"openpopup_id\":0}' \/><div class=\"wpcf7-response-output\" aria-hidden=\"true\"><\/div>\n<\/form>\n<\/div>\n<\/p>","protected":false},"excerpt":{"rendered":"<p>Haluatko, ett\u00e4 br\u00e4ndisi n\u00e4hd\u00e4\u00e4n p\u00e4ivitt\u00e4in tuhansien ihmisten toimesta? Bongo Takso Tallinnassa tarjoaa ainutlaatuisen mahdollisuuden mainostaa yrityst\u00e4si suoraan autoissamme! Tarjoamme mainospaikkoja: \u2022 auton takalaseihin \u2022 auton sivupylv\u00e4isiin \u2022 auton sis\u00e4isiin p\u00e4\u00e4ntukiin Hinnat: \u2713 T\u00e4ydellinen paketti (takalasi + sivupylv\u00e4\u00e4t + p\u00e4\u00e4ntuet) \u2014 20 \u20ac \/ p\u00e4iv\u00e4 \u2713 Takalasi + sivupylv\u00e4\u00e4t \u2014 15 \u20ac \/ p\u00e4iv\u00e4 \u2713 Sis\u00e4inen [&hellip;]<\/p>\n","protected":false},"author":1,"featured_media":0,"parent":0,"menu_order":0,"comment_status":"closed","ping_status":"closed","template":"","meta":{"_acf_changed":false,"footnotes":""},"class_list":["post-1744","page","type-page","status-publish","hentry"],"acf":[],"_links":{"self":[{"href":"https:\/\/bongo.ee\/fi\/wp-json\/wp\/v2\/pages\/1744","targetHints":{"allow":["GET"]}}],"collection":[{"href":"https:\/\/bongo.ee\/fi\/wp-json\/wp\/v2\/pages"}],"about":[{"href":"https:\/\/bongo.ee\/fi\/wp-json\/wp\/v2\/types\/page"}],"author":[{"embeddable":true,"href":"https:\/\/bongo.ee\/fi\/wp-json\/wp\/v2\/users\/1"}],"replies":[{"embeddable":true,"href":"https:\/\/bongo.ee\/fi\/wp-json\/wp\/v2\/comments?post=1744"}],"version-history":[{"count":5,"href":"https:\/\/bongo.ee\/fi\/wp-json\/wp\/v2\/pages\/1744\/revisions"}],"predecessor-version":[{"id":1899,"href":"https:\/\/bongo.ee\/fi\/wp-json\/wp\/v2\/pages\/1744\/revisions\/1899"}],"wp:attachment":[{"href":"https:\/\/bongo.ee\/fi\/wp-json\/wp\/v2\/media?parent=1744"}],"curies":[{"name":"wp","href":"https:\/\/api.w.org\/{rel}","templated":true}]}}