{"id":164,"date":"2016-11-18T16:39:17","date_gmt":"2016-11-18T16:39:17","guid":{"rendered":"https:\/\/bongo.ee\/?page_id=164"},"modified":"2024-07-11T10:51:10","modified_gmt":"2024-07-11T07:51:10","slug":"takso-ettetellimine","status":"publish","type":"page","link":"https:\/\/bongo.ee\/fi\/takso-ettetellimine\/","title":{"rendered":"Taksin ennakkotilaus"},"content":{"rendered":"<p>Taxi \u00abBongo Takso\u00bb tarjoaa eritt\u00e4in k\u00e4tev\u00e4n palvelun &#8211; Taksi ennakkotilaus! Esitt\u00e4j\u00e4n taksin etu on perusteltua itse, koska jos olet kallista aikaa ja voit suunnitella ratsastaa, se on paljon helpompaa tilata taksi tiettyyn aikaan, ja taksi saavuttaa haluamasi l\u00e4ht\u00f6kohtana ajoissa.<\/p>\n<p>Tilaamalla meille voit olla varma, ett\u00e4 tulet aina haluttuun kohteeseen. Ennakkotilauspalvelu on k\u00e4tev\u00e4 ja ajankohtainen vaikkapa lapsien p\u00e4ivitt\u00e4iseen kouluun vientiin tai henkil\u00f6kohtaisiin ajoihin t\u00f6ihin. Eniten palvelua k\u00e4ytet\u00e4\u00e4n matkalle lento- tai rautatieasemalle, koska silloin on t\u00e4rke\u00e4\u00e4 p\u00e4\u00e4st\u00e4 perille oikeaan aikaan.<\/p>\n<p>Taksi on mahdollista tilata 1-24 tuntia ennen matkan alkua. Kun teet tilauksen etuk\u00e4teen, suunnittele aikasi huolellisesti.<\/p>\n<p>HUOMAA! Ennalta varauksen aloittaminen lentokent\u00e4lt\u00e4, satamilta, linja-autoasemalta ja rautatieasemalta ei voida tehd\u00e4. Tilaa taksipaikka.<\/p>\n<p>Taksi ennakkotilaus, t\u00e4yt\u00e4 alla oleva lomake, soita puhelimeen: <a href=\"tel:+37215157\">15157<\/a>, <a href=\"tel:+3726615157\">+372 66 15157<\/a> tai <a href=\"tel:+37253441111\">+372 53 44 1111<\/a> tai muodostavat tilauksen mukavasti mobiilisovelluksessamme \u00abBongo Takso\u00bb.<\/p>\n<p><!-- V\u00e4liaikaisen tilauspalvelun osalta lennolle lis\u00e4t\u00e4\u00e4n 1\u20ac hinta. --><\/p>\n<p>Hyv\u00e4t asiakkaat!<br \/>\nYlivoimaisen esteen sattuessa, jota ei voida ennustaa, Bongo Takso ei ole valmis takaamaan auton 100 % oikea-aikaista toimitusta. Suhtaudu t\u00e4h\u00e4n ymm\u00e4rt\u00e4v\u00e4isesti.<\/p>\n<p style=\"color: #e5383a;\"><em>Valitettavasti verkkotunnuksiin mail.ru, list.ru ja bk.ru p\u00e4\u00e4ttyv\u00e4t s\u00e4hk\u00f6postit estet\u00e4\u00e4n Viron palvelimissa, eik\u00e4 hakemuksenne niist\u00e4 saavuta meit\u00e4.<\/em><\/p>\n<div class=\"ettetellimine-form-div\">\n<div class=\"ettetellimine-form-div-inner-wrap\">\n<div class=\"wpcf7 no-js\" id=\"wpcf7-f883-o5\" lang=\"en-US\" dir=\"ltr\" data-wpcf7-id=\"883\">\n<div class=\"screen-reader-response\"><p role=\"status\" aria-live=\"polite\" aria-atomic=\"true\"><\/p> <ul><\/ul><\/div>\n<form action=\"\/fi\/wp-json\/wp\/v2\/pages\/164#wpcf7-f883-o5\" method=\"post\" class=\"wpcf7-form init\" aria-label=\"Contact form\" novalidate=\"novalidate\" data-status=\"init\">\n<fieldset class=\"hidden-fields-container\"><input type=\"hidden\" name=\"_wpcf7\" value=\"883\" \/><input type=\"hidden\" name=\"_wpcf7_version\" value=\"6.1.4\" \/><input type=\"hidden\" name=\"_wpcf7_locale\" value=\"en_US\" \/><input type=\"hidden\" name=\"_wpcf7_unit_tag\" value=\"wpcf7-f883-o5\" \/><input type=\"hidden\" name=\"_wpcf7_container_post\" value=\"0\" \/><input type=\"hidden\" name=\"_wpcf7_posted_data_hash\" value=\"\" \/><input type=\"hidden\" name=\"_wpcf7_recaptcha_response\" value=\"\" \/>\n<\/fieldset>\n<p><span class=\"wpcf7-form-control-wrap\" data-name=\"nimi-550\"><input size=\"40\" maxlength=\"400\" class=\"wpcf7-form-control wpcf7-text wpcf7-validates-as-required ettetellimine-name longer\" aria-required=\"true\" aria-invalid=\"false\" placeholder=\"Nimi\" value=\"\" type=\"text\" name=\"nimi-550\" \/><\/span><span class=\"wpcf7-form-control-wrap\" data-name=\"tel-900\"><input size=\"40\" maxlength=\"400\" class=\"wpcf7-form-control wpcf7-tel wpcf7-validates-as-required wpcf7-text wpcf7-validates-as-tel ettetellimine-phone shorter\" aria-required=\"true\" aria-invalid=\"false\" placeholder=\"Puhelin\" value=\"\" type=\"tel\" name=\"tel-900\" \/><\/span><br \/>\n<span class=\"wpcf7-form-control-wrap\" data-name=\"email-101\"><input size=\"40\" maxlength=\"400\" class=\"wpcf7-form-control wpcf7-email wpcf7-validates-as-required wpcf7-text wpcf7-validates-as-email ettetellimine-email\" aria-required=\"true\" aria-invalid=\"false\" placeholder=\"S\u00e4hk\u00f6posti\" value=\"\" type=\"email\" name=\"email-101\" \/><\/span><br \/>\n<span id=\"wpcf7-69f00742d582e-wrapper\" class=\"wpcf7-form-control-wrap required-909-wrap\" style=\"display:none !important; visibility:hidden !important;\"><input type=\"hidden\" name=\"required-909-time-start\" value=\"1777338178\"><input type=\"hidden\" name=\"required-909-time-check\" value=\"3\"><label for=\"wpcf7-69f00742d582e-field\" class=\"hp-message\">Please leave this field empty.<\/label><input id=\"wpcf7-69f00742d582e-field\"  placeholder=\"Bongo\"  class=\"wpcf7-form-control wpcf7-text\" type=\"text\" name=\"required-909\" value=\"\" size=\"40\" tabindex=\"-1\" autocomplete=\"off\" \/><\/span><br \/>\n<span class=\"wpcf7-form-control-wrap\" data-name=\"algpunkt-501\"><input size=\"40\" maxlength=\"400\" class=\"wpcf7-form-control wpcf7-text wpcf7-validates-as-required ettetellimine-start\" aria-required=\"true\" aria-invalid=\"false\" placeholder=\"L\u00e4ht\u00f6piste\" value=\"\" type=\"text\" name=\"algpunkt-501\" \/><\/span><br \/>\n<span class=\"wpcf7-form-control-wrap\" data-name=\"sihtpunkt-501\"><input size=\"40\" maxlength=\"400\" class=\"wpcf7-form-control wpcf7-text wpcf7-validates-as-required ettetellimine-destination\" aria-required=\"true\" aria-invalid=\"false\" placeholder=\"M\u00e4\u00e4r\u00e4np\u00e4\u00e4\" value=\"\" type=\"text\" name=\"sihtpunkt-501\" \/><\/span><br \/>\n<span class=\"wpcf7-form-control-wrap\" data-name=\"text-447\"><input size=\"40\" maxlength=\"400\" class=\"wpcf7-form-control wpcf7-text wpcf7-validates-as-required\" aria-required=\"true\" aria-invalid=\"false\" placeholder=\"Matkustajien lukum\u00e4\u00e4ra\" value=\"\" type=\"text\" name=\"text-447\" \/><\/span><br \/>\n<span class=\"wpcf7-form-control-wrap\" data-name=\"date-728\"><input size=\"40\" maxlength=\"400\" class=\"wpcf7-form-control wpcf7-text wpcf7-validates-as-required ettetellimine-date longer\" aria-required=\"true\" aria-invalid=\"false\" placeholder=\"P\u00e4iv\u00e4m\u00e4\u00e4r\u00e4\" value=\"\" type=\"text\" name=\"date-728\" \/><\/span><span class=\"wpcf7-form-control-wrap\" data-name=\"kellaaeg-550\"><input size=\"40\" maxlength=\"400\" class=\"wpcf7-form-control wpcf7-text wpcf7-validates-as-required ettetellimine-time shorter\" aria-required=\"true\" aria-invalid=\"false\" placeholder=\"Kellonaika\" value=\"\" type=\"text\" name=\"kellaaeg-550\" \/><\/span>\n<\/p>\n<p><span class=\"wpcf7-form-control-wrap\" data-name=\"makseviis-156\"><span class=\"wpcf7-form-control wpcf7-radio\"><span class=\"wpcf7-list-item first\"><input type=\"radio\" name=\"makseviis-156\" value=\"K\u00e4teinen\" \/><span class=\"wpcf7-list-item-label\">K\u00e4teinen<\/span><\/span><span class=\"wpcf7-list-item\"><input type=\"radio\" name=\"makseviis-156\" value=\"Korttimaksu\" \/><span class=\"wpcf7-list-item-label\">Korttimaksu<\/span><\/span><span class=\"wpcf7-list-item last\"><input type=\"radio\" name=\"makseviis-156\" value=\"Sopimus\" \/><span class=\"wpcf7-list-item-label\">Sopimus<\/span><\/span><\/span><\/span>\n<\/p>\n<p><span class=\"wpcf7-form-control-wrap\" data-name=\"lisainfo-156\"><textarea cols=\"40\" rows=\"10\" maxlength=\"2000\" class=\"wpcf7-form-control wpcf7-textarea ettetellimine-textarea\" aria-invalid=\"false\" placeholder=\"Lis\u00e4tietoja\" name=\"lisainfo-156\"><\/textarea><\/span><br \/>\n<input class=\"wpcf7-form-control wpcf7-submit has-spinner ettetellimine-button\" type=\"submit\" value=\"L\u00c4HET\u00c4\" \/>\n<\/p><p style=\"display: none !important;\" class=\"akismet-fields-container\" data-prefix=\"_wpcf7_ak_\"><label>&#916;<textarea name=\"_wpcf7_ak_hp_textarea\" cols=\"45\" rows=\"8\" maxlength=\"100\"><\/textarea><\/label><input type=\"hidden\" id=\"ak_js_5\" name=\"_wpcf7_ak_js\" value=\"153\"\/><script>document.getElementById( \"ak_js_5\" ).setAttribute( \"value\", ( new Date() ).getTime() );<\/script><\/p><input type='hidden' class='wpcf7-pum' value='{\"closepopup\":false,\"closedelay\":0,\"openpopup\":false,\"openpopup_id\":0}' \/><div class=\"wpcf7-response-output\" aria-hidden=\"true\"><\/div>\n<\/form>\n<\/div>\n<\/div>\n<\/div>\n<p><\/p>","protected":false},"excerpt":{"rendered":"<p>Taxi \u00abBongo Takso\u00bb tarjoaa eritt\u00e4in k\u00e4tev\u00e4n palvelun &#8211; Taksi ennakkotilaus! Esitt\u00e4j\u00e4n taksin etu on perusteltua itse, koska jos olet kallista aikaa ja voit suunnitella ratsastaa, se on paljon helpompaa tilata taksi tiettyyn aikaan, ja taksi saavuttaa haluamasi l\u00e4ht\u00f6kohtana ajoissa. Tilaamalla meille voit olla varma, ett\u00e4 tulet aina haluttuun kohteeseen. Ennakkotilauspalvelu on k\u00e4tev\u00e4 ja ajankohtainen vaikkapa [&hellip;]<\/p>\n","protected":false},"author":1,"featured_media":0,"parent":0,"menu_order":0,"comment_status":"closed","ping_status":"closed","template":"","meta":{"_acf_changed":false,"footnotes":""},"class_list":["post-164","page","type-page","status-publish","hentry"],"acf":[],"_links":{"self":[{"href":"https:\/\/bongo.ee\/fi\/wp-json\/wp\/v2\/pages\/164","targetHints":{"allow":["GET"]}}],"collection":[{"href":"https:\/\/bongo.ee\/fi\/wp-json\/wp\/v2\/pages"}],"about":[{"href":"https:\/\/bongo.ee\/fi\/wp-json\/wp\/v2\/types\/page"}],"author":[{"embeddable":true,"href":"https:\/\/bongo.ee\/fi\/wp-json\/wp\/v2\/users\/1"}],"replies":[{"embeddable":true,"href":"https:\/\/bongo.ee\/fi\/wp-json\/wp\/v2\/comments?post=164"}],"version-history":[{"count":5,"href":"https:\/\/bongo.ee\/fi\/wp-json\/wp\/v2\/pages\/164\/revisions"}],"predecessor-version":[{"id":1598,"href":"https:\/\/bongo.ee\/fi\/wp-json\/wp\/v2\/pages\/164\/revisions\/1598"}],"wp:attachment":[{"href":"https:\/\/bongo.ee\/fi\/wp-json\/wp\/v2\/media?parent=164"}],"curies":[{"name":"wp","href":"https:\/\/api.w.org\/{rel}","templated":true}]}}