{"id":153,"date":"2016-11-18T16:23:34","date_gmt":"2016-11-18T16:23:34","guid":{"rendered":"https:\/\/bongo.ee\/?page_id=153"},"modified":"2024-07-11T10:50:04","modified_gmt":"2024-07-11T07:50:04","slug":"pusikliendile","status":"publish","type":"page","link":"https:\/\/bongo.ee\/fi\/pusikliendile\/","title":{"rendered":"Kanta-asiakkaalle"},"content":{"rendered":"<p>Olemme ottaneet k\u00e4ytt\u00f6\u00f6n alennusj\u00e4rjestelm\u00e4n kanta-asiakkaillemme.<\/p>\n<p>Tilattaessa taksi v\u00e4litt\u00e4j\u00e4n kautta numeroista <a href=\"tel:+37215157\">15157<\/a>, <a href=\"tel:+3726615157\">+372 66 15157<\/a>, <a href=\"tel:+37253441111\">+372 53 44 1111<\/a>, saat joka viidennest\u00e4 matkasta alennuksen matkan aloitusmaksun v\u00e4hent\u00e4misen muodossa (-2.55\u20ac). Matkan loppusummasta v\u00e4hennet\u00e4\u00e4n 2.55\u20ac ja maksat ainoastaan kilometritaksan hinnaston perusteella 0.55\u20ac\/km (poistuessaan kaupungista 0.75\u20ac\/km).<\/p>\n<p>Halutessasi liitty\u00e4 kanta-asiakasohjelmaan, t\u00e4yt\u00e4 ja l\u00e4het\u00e4 alla oleva lomake. Vastauksena saat kirjeen, jossa on henkil\u00f6kohtainen asiakasnumerosi. Kanta-asiakkaaksi voit liitty\u00e4 my\u00f6s soittamalla v\u00e4lityskeskukseemme numeroihin <a href=\"tel:+3726615157\">+372 66 15157<\/a> tai <a href=\"tel:+37253441111\">+372 53 44 1111<\/a>.<\/p>\n<p>Tilatessasi taksin v\u00e4litt\u00e4j\u00e4n kautta numeroista <a href=\"tel:+37215157\">15157<\/a>, <a href=\"tel:+3726615157\">+372 66 15157<\/a> tai <a href=\"tel:+37253441111\">+372 53 44 1111<\/a>, kerro v\u00e4litt\u00e4j\u00e4lle asiakasnumerosi, ja alat ker\u00e4t\u00e4 alennusajoja jo t\u00e4n\u00e4\u00e4n.<\/p>\n<p><!-- Mobiilisovelluksemme: Bongo Takso --><\/p>\n<div class=\"pusikliendile-form-div\">\n<div class=\"pusikliendile-form-div-inner-wrap\">\n<div class=\"wpcf7 no-js\" id=\"wpcf7-f875-o5\" lang=\"en-US\" dir=\"ltr\" data-wpcf7-id=\"875\">\n<div class=\"screen-reader-response\"><p role=\"status\" aria-live=\"polite\" aria-atomic=\"true\"><\/p> <ul><\/ul><\/div>\n<form action=\"\/fi\/wp-json\/wp\/v2\/pages\/153#wpcf7-f875-o5\" method=\"post\" class=\"wpcf7-form init\" aria-label=\"Contact form\" novalidate=\"novalidate\" data-status=\"init\">\n<fieldset class=\"hidden-fields-container\"><input type=\"hidden\" name=\"_wpcf7\" value=\"875\" \/><input type=\"hidden\" name=\"_wpcf7_version\" value=\"6.1.4\" \/><input type=\"hidden\" name=\"_wpcf7_locale\" value=\"en_US\" \/><input type=\"hidden\" name=\"_wpcf7_unit_tag\" value=\"wpcf7-f875-o5\" \/><input type=\"hidden\" name=\"_wpcf7_container_post\" value=\"0\" \/><input type=\"hidden\" name=\"_wpcf7_posted_data_hash\" value=\"\" \/><input type=\"hidden\" name=\"_wpcf7_recaptcha_response\" value=\"\" \/>\n<\/fieldset>\n<p><span class=\"wpcf7-form-control-wrap\" data-name=\"nimi-840\"><input size=\"40\" maxlength=\"400\" class=\"wpcf7-form-control wpcf7-text wpcf7-validates-as-required pusiklient-name longer\" aria-required=\"true\" aria-invalid=\"false\" placeholder=\"Nimi\" value=\"\" type=\"text\" name=\"nimi-840\" \/><\/span><span class=\"wpcf7-form-control-wrap\" data-name=\"tel-465\"><input size=\"40\" maxlength=\"400\" class=\"wpcf7-form-control wpcf7-tel wpcf7-validates-as-required wpcf7-text wpcf7-validates-as-tel pusiklient-phone shorter\" aria-required=\"true\" aria-invalid=\"false\" placeholder=\"Puhelin\" value=\"\" type=\"tel\" name=\"tel-465\" \/><\/span><br \/>\n<span class=\"wpcf7-form-control-wrap\" data-name=\"email-290\"><input size=\"40\" maxlength=\"400\" class=\"wpcf7-form-control wpcf7-email wpcf7-validates-as-required wpcf7-text wpcf7-validates-as-email pusiklient-email\" aria-required=\"true\" aria-invalid=\"false\" placeholder=\"S\u00e4hk\u00f6posti\" value=\"\" type=\"email\" name=\"email-290\" \/><\/span><br \/>\n<span id=\"wpcf7-69efe02d0303b-wrapper\" class=\"wpcf7-form-control-wrap required-475-wrap\" style=\"display:none !important; visibility:hidden !important;\"><input type=\"hidden\" name=\"required-475-time-start\" value=\"1777328173\"><input type=\"hidden\" name=\"required-475-time-check\" value=\"3\"><label for=\"wpcf7-69efe02d0303b-field\" class=\"hp-message\">Please leave this field empty.<\/label><input id=\"wpcf7-69efe02d0303b-field\"  placeholder=\"Bongo\"  class=\"wpcf7-form-control wpcf7-text\" type=\"text\" name=\"required-475\" value=\"\" size=\"40\" tabindex=\"-1\" autocomplete=\"off\" \/><\/span><br \/>\n<span class=\"wpcf7-form-control-wrap\" data-name=\"date-689\"><input size=\"40\" maxlength=\"400\" class=\"wpcf7-form-control wpcf7-text wpcf7-validates-as-required pusiklient-date\" aria-required=\"true\" aria-invalid=\"false\" placeholder=\"P\u00e4iv\u00e4m\u00e4\u00e4r\u00e4 (dd.mm.yyyy)\" value=\"\" type=\"text\" name=\"date-689\" \/><\/span><br \/>\n<span class=\"wpcf7-form-control-wrap\" data-name=\"date-690\"><input size=\"40\" maxlength=\"400\" class=\"wpcf7-form-control wpcf7-text wpcf7-validates-as-required pusiklient-date\" aria-required=\"true\" aria-invalid=\"false\" placeholder=\"Syntym\u00e4aikanne (dd.mm.yyyy)\" value=\"\" type=\"text\" name=\"date-690\" \/><\/span><br \/>\n<input class=\"wpcf7-form-control wpcf7-submit has-spinner pusiklient-button\" type=\"submit\" value=\"L\u00c4HET\u00c4\" \/>\n<\/p><p style=\"display: none !important;\" class=\"akismet-fields-container\" data-prefix=\"_wpcf7_ak_\"><label>&#916;<textarea name=\"_wpcf7_ak_hp_textarea\" cols=\"45\" rows=\"8\" maxlength=\"100\"><\/textarea><\/label><input type=\"hidden\" id=\"ak_js_5\" name=\"_wpcf7_ak_js\" value=\"67\"\/><script>document.getElementById( \"ak_js_5\" ).setAttribute( \"value\", ( new Date() ).getTime() );<\/script><\/p><input type='hidden' class='wpcf7-pum' value='{\"closepopup\":false,\"closedelay\":0,\"openpopup\":false,\"openpopup_id\":0}' \/><div class=\"wpcf7-response-output\" aria-hidden=\"true\"><\/div>\n<\/form>\n<\/div>\n<\/div>\n<\/div>\n<p><\/p>","protected":false},"excerpt":{"rendered":"<p>Olemme ottaneet k\u00e4ytt\u00f6\u00f6n alennusj\u00e4rjestelm\u00e4n kanta-asiakkaillemme. Tilattaessa taksi v\u00e4litt\u00e4j\u00e4n kautta numeroista 15157, +372 66 15157, +372 53 44 1111, saat joka viidennest\u00e4 matkasta alennuksen matkan aloitusmaksun v\u00e4hent\u00e4misen muodossa (-2.55\u20ac). Matkan loppusummasta v\u00e4hennet\u00e4\u00e4n 2.55\u20ac ja maksat ainoastaan kilometritaksan hinnaston perusteella 0.55\u20ac\/km (poistuessaan kaupungista 0.75\u20ac\/km). Halutessasi liitty\u00e4 kanta-asiakasohjelmaan, t\u00e4yt\u00e4 ja l\u00e4het\u00e4 alla oleva lomake. Vastauksena saat kirjeen, jossa [&hellip;]<\/p>\n","protected":false},"author":1,"featured_media":0,"parent":0,"menu_order":0,"comment_status":"closed","ping_status":"closed","template":"","meta":{"_acf_changed":false,"footnotes":""},"class_list":["post-153","page","type-page","status-publish","hentry"],"acf":[],"_links":{"self":[{"href":"https:\/\/bongo.ee\/fi\/wp-json\/wp\/v2\/pages\/153","targetHints":{"allow":["GET"]}}],"collection":[{"href":"https:\/\/bongo.ee\/fi\/wp-json\/wp\/v2\/pages"}],"about":[{"href":"https:\/\/bongo.ee\/fi\/wp-json\/wp\/v2\/types\/page"}],"author":[{"embeddable":true,"href":"https:\/\/bongo.ee\/fi\/wp-json\/wp\/v2\/users\/1"}],"replies":[{"embeddable":true,"href":"https:\/\/bongo.ee\/fi\/wp-json\/wp\/v2\/comments?post=153"}],"version-history":[{"count":5,"href":"https:\/\/bongo.ee\/fi\/wp-json\/wp\/v2\/pages\/153\/revisions"}],"predecessor-version":[{"id":1597,"href":"https:\/\/bongo.ee\/fi\/wp-json\/wp\/v2\/pages\/153\/revisions\/1597"}],"wp:attachment":[{"href":"https:\/\/bongo.ee\/fi\/wp-json\/wp\/v2\/media?parent=153"}],"curies":[{"name":"wp","href":"https:\/\/api.w.org\/{rel}","templated":true}]}}