{"id":845,"date":"2021-05-13T10:30:38","date_gmt":"2021-05-13T07:30:38","guid":{"rendered":"https:\/\/www.bongo.ee\/?page_id=845"},"modified":"2025-09-08T15:37:28","modified_gmt":"2025-09-08T12:37:28","slug":"autotooted","status":"publish","type":"page","link":"https:\/\/bongo.ee\/de\/autotooted\/","title":{"rendered":"Autoprodukte"},"content":{"rendered":"<p>Bei uns k\u00f6nnen Ersatzteile, Reifen, Fahrzeugzubeh\u00f6r und viele andere Teile f\u00fcr ihren PKW kosteng\u00fcnstig bestellt werden. Wir sichern Ihnen eine optimale Qualit\u00e4t zu. In unserem breiten Sortiment finden Sie normalerweise, was Sie ben\u00f6tigten.<\/p>\n<p>Unsere  Auswahl bieten wir Ihnen zu g\u00fcnstigen Preisen an:<br \/>\n&#8211; originalersatzteile von f\u00fchrenden Herstellern (BOSH, CASTROL, DENSO, VALEO usw.)<br \/>\n&#8211; B-ersatzteile (gleiche Qualit\u00e4t wie die Originale);<br \/>\n&#8211; reifen;<br \/>\n&#8211; zubeh\u00f6r;<br \/>\n&#8211; andere autoprodukte.<\/p>\n<p>Die Lieferzeit h\u00e4ngt vom jeweiligen Produkt und der Lagerverf\u00fcgbarkeit ab. Die regelm\u00e4\u00dfige Lieferzeit betr\u00e4gt 1-5 Werktage. Bei l\u00e4ngerer Lieferzeit werden die Kunden unverz\u00fcglich informiert.<\/p>\n<p>Ihre Bestellung geben Sie bitte ab unter:<br \/>\n&#8211; telefonisch unter <a href=\"tel:+372 53531527\">+372 53 53 1527<\/a> Mo-Fr 09:00-18:00 Uhr (au\u00dfer Feiertage);<br \/>\n&#8211; per E-Mail an <a href=\"mailto:telli@bongo.ee\">telli@bongo.ee<\/a>;<br \/>\n&#8211; durch Formular 24h wie unten.<\/p>\n<p>Wir werden auf ihre Bestellungen so schnell wie m\u00f6glich innerhalb eines Arbeitstages reagieren. Bestellungen an Wochenenden und Feiertagen werden ebenso schnell wie m\u00f6glich oder am folgenden Werktag beantwortet.<\/p>\n<p>Die Lieferung der bestellten Ware erfolgt in der Zeit von:<br \/>\nMo-Fr 09:00-20:00.<\/p>\n<p>Uhr Nach pers\u00f6nlicher Absprache ist die Ausgabe der bestellten Ware in Tallinn auch an Wochenenden und Feiertagen m\u00f6glich.<br \/>\nUnsere fachkundigen Mitarbeiter sind Ihnen auf Wunsch in jeder Hinsicht behilflich.<\/p>\n<p>Zu Ausk\u00fcnften bezogen auf Ihre Bestellungen und bei anderen Fragen wenden Sie sich bitte an:<br \/>\nHerrn Jevgeni Djubanov<br \/>\n<a href=\"mailto:jevgeni@bongo.ee\">jevgeni@bongo.ee<\/a><br \/>\n<a href=\"tel:+37253531527\">+ 372 53 53 1527<\/a> <\/p>\n<div class=\"pusikliendile-form-div\">\n<div class=\"pusikliendile-form-div-inner-wrap\">\n\n<div class=\"wpcf7 no-js\" id=\"wpcf7-f901-o3\" lang=\"en-US\" dir=\"ltr\" data-wpcf7-id=\"901\">\n<div class=\"screen-reader-response\"><p role=\"status\" aria-live=\"polite\" aria-atomic=\"true\"><\/p> <ul><\/ul><\/div>\n<form action=\"\/de\/wp-json\/wp\/v2\/pages\/845#wpcf7-f901-o3\" method=\"post\" class=\"wpcf7-form init\" aria-label=\"Contact form\" novalidate=\"novalidate\" data-status=\"init\">\n<fieldset class=\"hidden-fields-container\"><input type=\"hidden\" name=\"_wpcf7\" value=\"901\" \/><input type=\"hidden\" name=\"_wpcf7_version\" value=\"6.1.4\" \/><input type=\"hidden\" name=\"_wpcf7_locale\" value=\"en_US\" \/><input type=\"hidden\" name=\"_wpcf7_unit_tag\" value=\"wpcf7-f901-o3\" \/><input type=\"hidden\" name=\"_wpcf7_container_post\" value=\"0\" \/><input type=\"hidden\" name=\"_wpcf7_posted_data_hash\" value=\"\" \/><input type=\"hidden\" name=\"_wpcf7_recaptcha_response\" value=\"\" \/>\n<\/fieldset>\n<p><span class=\"wpcf7-form-control-wrap\" data-name=\"nimi-934\"><input size=\"40\" maxlength=\"400\" class=\"wpcf7-form-control wpcf7-text wpcf7-validates-as-required half-left\" aria-required=\"true\" aria-invalid=\"false\" placeholder=\"Name\" value=\"\" type=\"text\" name=\"nimi-934\" \/><\/span><span class=\"wpcf7-form-control-wrap\" data-name=\"tel-862\"><input size=\"40\" maxlength=\"400\" class=\"wpcf7-form-control wpcf7-tel wpcf7-validates-as-required wpcf7-text wpcf7-validates-as-tel half-right\" aria-required=\"true\" aria-invalid=\"false\" placeholder=\"Telefon\" value=\"\" type=\"tel\" name=\"tel-862\" \/><\/span><br \/>\n<span class=\"wpcf7-form-control-wrap\" data-name=\"email-333\"><input size=\"40\" maxlength=\"400\" class=\"wpcf7-form-control wpcf7-email wpcf7-validates-as-required wpcf7-text wpcf7-validates-as-email\" aria-required=\"true\" aria-invalid=\"false\" placeholder=\"E-mail\" value=\"\" type=\"email\" name=\"email-333\" \/><\/span><br \/>\n<span id=\"wpcf7-6a07a3cd775f6-wrapper\" class=\"wpcf7-form-control-wrap honeypot-774-wrap\" style=\"display:none !important; visibility:hidden !important;\"><input type=\"hidden\" name=\"honeypot-774-time-start\" value=\"1778885581\"><input type=\"hidden\" name=\"honeypot-774-time-check\" value=\"3\"><label for=\"wpcf7-6a07a3cd775f6-field\" class=\"hp-message\">Please leave this field empty.<\/label><input id=\"wpcf7-6a07a3cd775f6-field\"  placeholder=\"Bongo\"  class=\"wpcf7-form-control wpcf7-text\" type=\"text\" name=\"honeypot-774\" value=\"\" size=\"40\" tabindex=\"-1\" autocomplete=\"off\" \/><\/span><br \/>\n<span class=\"wpcf7-form-control-wrap\" data-name=\"text-278\"><input size=\"40\" maxlength=\"400\" class=\"wpcf7-form-control wpcf7-text wpcf7-validates-as-required\" aria-required=\"true\" aria-invalid=\"false\" placeholder=\"Nummernschild des Autos\" value=\"\" type=\"text\" name=\"text-278\" \/><\/span><br \/>\n<span class=\"wpcf7-form-control-wrap\" data-name=\"text-949\"><input size=\"40\" maxlength=\"400\" class=\"wpcf7-form-control wpcf7-text wpcf7-validates-as-required\" aria-required=\"true\" aria-invalid=\"false\" placeholder=\"Automarke und Modell\" value=\"\" type=\"text\" name=\"text-949\" \/><\/span><br \/>\n<span class=\"wpcf7-form-control-wrap\" data-name=\"textarea-282\"><textarea cols=\"40\" rows=\"10\" maxlength=\"2000\" class=\"wpcf7-form-control wpcf7-textarea wpcf7-validates-as-required\" aria-required=\"true\" aria-invalid=\"false\" placeholder=\"Weitere Informationen\" name=\"textarea-282\"><\/textarea><\/span>\n<\/p>\n<p><input class=\"wpcf7-form-control wpcf7-submit has-spinner\" type=\"submit\" value=\"Senden\" \/>\n<\/p><p style=\"display: none !important;\" class=\"akismet-fields-container\" data-prefix=\"_wpcf7_ak_\"><label>&#916;<textarea name=\"_wpcf7_ak_hp_textarea\" cols=\"45\" rows=\"8\" maxlength=\"100\"><\/textarea><\/label><input type=\"hidden\" id=\"ak_js_3\" name=\"_wpcf7_ak_js\" value=\"193\"\/><script>document.getElementById( \"ak_js_3\" ).setAttribute( \"value\", ( new Date() ).getTime() );<\/script><\/p><input type='hidden' class='wpcf7-pum' value='{\"closepopup\":false,\"closedelay\":0,\"openpopup\":false,\"openpopup_id\":0}' \/><div class=\"wpcf7-response-output\" aria-hidden=\"true\"><\/div>\n<\/form>\n<\/div>\n\n<\/div>\n<\/div>\n<p><\/p>","protected":false},"excerpt":{"rendered":"<p>Bei uns k\u00f6nnen Ersatzteile, Reifen, Fahrzeugzubeh\u00f6r und viele andere Teile f\u00fcr ihren PKW kosteng\u00fcnstig bestellt werden. Wir sichern Ihnen eine optimale Qualit\u00e4t zu. In unserem breiten Sortiment finden Sie normalerweise, was Sie ben\u00f6tigten. Unsere Auswahl bieten wir Ihnen zu g\u00fcnstigen Preisen an: &#8211; originalersatzteile von f\u00fchrenden Herstellern (BOSH, CASTROL, DENSO, VALEO usw.) &#8211; B-ersatzteile (gleiche [&hellip;]<\/p>\n","protected":false},"author":1,"featured_media":0,"parent":0,"menu_order":0,"comment_status":"closed","ping_status":"closed","template":"","meta":{"_acf_changed":false,"footnotes":""},"class_list":["post-845","page","type-page","status-publish","hentry"],"acf":[],"_links":{"self":[{"href":"https:\/\/bongo.ee\/de\/wp-json\/wp\/v2\/pages\/845","targetHints":{"allow":["GET"]}}],"collection":[{"href":"https:\/\/bongo.ee\/de\/wp-json\/wp\/v2\/pages"}],"about":[{"href":"https:\/\/bongo.ee\/de\/wp-json\/wp\/v2\/types\/page"}],"author":[{"embeddable":true,"href":"https:\/\/bongo.ee\/de\/wp-json\/wp\/v2\/users\/1"}],"replies":[{"embeddable":true,"href":"https:\/\/bongo.ee\/de\/wp-json\/wp\/v2\/comments?post=845"}],"version-history":[{"count":5,"href":"https:\/\/bongo.ee\/de\/wp-json\/wp\/v2\/pages\/845\/revisions"}],"predecessor-version":[{"id":1761,"href":"https:\/\/bongo.ee\/de\/wp-json\/wp\/v2\/pages\/845\/revisions\/1761"}],"wp:attachment":[{"href":"https:\/\/bongo.ee\/de\/wp-json\/wp\/v2\/media?parent=845"}],"curies":[{"name":"wp","href":"https:\/\/api.w.org\/{rel}","templated":true}]}}