{"id":630,"date":"2020-09-14T20:17:31","date_gmt":"2020-09-14T17:17:31","guid":{"rendered":"https:\/\/bongo.ee\/?page_id=630"},"modified":"2024-01-10T17:18:38","modified_gmt":"2024-01-10T14:18:38","slug":"arikliendile","status":"publish","type":"page","link":"https:\/\/bongo.ee\/de\/arikliendile\/","title":{"rendered":"Business Taxi  f\u00fcr Unternehmen"},"content":{"rendered":"<p>Business Taxi von der Firma \u00abBongo Takso\u00bb zeichnet sich durch einen angemessenen Preis, erstklassigen Kundenservice und Flexibilit\u00e4t aus. Wir verf\u00fcgen \u00fcber eine eigene PKW-Flotte in einem ausgezeichneten Fahrzeugzustand. Unsere Fahrer sind h\u00f6flich und p\u00fcnktlich, sie reagieren sich auch in schwierigen Situationen schnell.<\/p>\n<p>Unternehmen, die mit uns einen Gesch\u00e4ftskundenvertrag abgeschlossen haben, haben einen Festpreis f\u00fcr Fahrten in Tallinn und in ganz Estland. Das Auto \u00abBongo Takso\u00bb wird rechtzeitig zu Ihren Diensten f\u00fcr eine Luxus- oder Gesch\u00e4ftsreise, zur Erh\u00f6hung der Flexibilit\u00e4t des Personals, f\u00fcr Teambildung und Ausfl\u00fcge, f\u00fcr das Fahren von Mitarbeitern Ihres Unternehmens zum Arbeitsplatz oder nach Hause zur Verf\u00fcgung gestellt.<\/p>\n<p>Mit uns k\u00f6nnen Sie leicht zu einem wichtigen Treffpunkt, zu Gesch\u00e4ftsverhandlungen oder zu einer Firmenfeier gelangen und einfach eine gew\u00f6hnliche Arbeitsreise unternehmen. Wir sind immer bereit, die notwendigen Dokumente an die angegebene Adresse zu bringen oder die Partner und G\u00e4ste Ihres Unternehmens nach gesch\u00e4ftlichen Veranstaltungen ins Hotel, die Appartements zu fahren. Wir machen jede Reise so angenehm und bequem wie es m\u00f6glich.<\/p>\n<p>Wenn Sie einen zuverl\u00e4ssigen, schnellen und sicheren Taxiservice f\u00fcr Gesch\u00e4ftsreisen suchen, k\u00f6nnen Sie sich gerne an uns wenden. Wir beraten Sie gerne und besprechen mit Ihnen die Vertragsbedingungen f\u00fcr die Erbringung von Taxidienstleistungen f\u00fcr Unternehmen. Diverse Rabatte auf verschiedene Dienstleistungen gelten auch f\u00fcr Gesch\u00e4ftskunden. F\u00fcr Ihre Bequemlichkeit ist es m\u00f6glich, ein Business Taxi per Bank\u00fcberweisung zu bezahlen. Es ist vorteilhaft, Sie brauchen nicht an Bargeld zu denken, es ist einfacher, die Ausgaben des Unternehmens zu kontrollieren.<\/p>\n<p>Die Bestellung eines Taxis f\u00fcr Unternehmen von \u00abBongo Business\u00bb ist rund um die Uhr m\u00f6glich. Sie k\u00f6nnen uns sicher Ihre Gesch\u00e4ftsleitung, Ihre Mitarbeiter und Kollegen anvertrauen. Wir werden sie bequem und ohne Verz\u00f6gerung zu jedem Ort in Tallinn und Estland bringen. Wir reichen Ihnen alle erforderlichen Dokumente f\u00fcr die Buchhaltung ein.<\/p>\n<p>Sie k\u00f6nnen eine Anfrage f\u00fcr die Servicevereinbarung von Business Taxi &#8211; Dienstleistungen per E-Mail senden: <a href=\"mailto: info@bongo.ee\">info@bongo.ee<\/a> oder per Telefon: <a href=\"tel:+37253441111\">53 44 1111<\/a>, oder f\u00fcllen Sie das untenstehende Formular aus. Wir hoffen auf eine dauerhafte und f\u00fcr beide Seiten vorteilhafte Zusammenarbeit!<\/p>\n<p>\n<div class=\"wpcf7 no-js\" id=\"wpcf7-f821-o3\" lang=\"en-US\" dir=\"ltr\" data-wpcf7-id=\"821\">\n<div class=\"screen-reader-response\"><p role=\"status\" aria-live=\"polite\" aria-atomic=\"true\"><\/p> <ul><\/ul><\/div>\n<form action=\"\/de\/wp-json\/wp\/v2\/pages\/630#wpcf7-f821-o3\" method=\"post\" class=\"wpcf7-form init\" aria-label=\"Contact form\" novalidate=\"novalidate\" data-status=\"init\">\n<fieldset class=\"hidden-fields-container\"><input type=\"hidden\" name=\"_wpcf7\" value=\"821\" \/><input type=\"hidden\" name=\"_wpcf7_version\" value=\"6.1.4\" \/><input type=\"hidden\" name=\"_wpcf7_locale\" value=\"en_US\" \/><input type=\"hidden\" name=\"_wpcf7_unit_tag\" value=\"wpcf7-f821-o3\" \/><input type=\"hidden\" name=\"_wpcf7_container_post\" value=\"0\" \/><input type=\"hidden\" name=\"_wpcf7_posted_data_hash\" value=\"\" \/><input type=\"hidden\" name=\"_wpcf7_recaptcha_response\" value=\"\" \/>\n<\/fieldset>\n<p><span class=\"wpcf7-form-control-wrap\" data-name=\"firma-535\"><input size=\"40\" maxlength=\"400\" class=\"wpcf7-form-control wpcf7-text wpcf7-validates-as-required\" aria-required=\"true\" aria-invalid=\"false\" placeholder=\"Name der Gesch\u00e4ft\" value=\"\" type=\"text\" name=\"firma-535\" \/><\/span><br \/>\n<span class=\"wpcf7-form-control-wrap\" data-name=\"nimi-535\"><input size=\"40\" maxlength=\"400\" class=\"wpcf7-form-control wpcf7-text wpcf7-validates-as-required half-left\" aria-required=\"true\" aria-invalid=\"false\" placeholder=\"Name\" value=\"\" type=\"text\" name=\"nimi-535\" \/><\/span><span class=\"wpcf7-form-control-wrap\" data-name=\"perekonnanimi-535\"><input size=\"40\" maxlength=\"400\" class=\"wpcf7-form-control wpcf7-text wpcf7-validates-as-required half-right\" aria-required=\"true\" aria-invalid=\"false\" placeholder=\"Familienname\" value=\"\" type=\"text\" name=\"perekonnanimi-535\" \/><\/span><br \/>\n<span class=\"wpcf7-form-control-wrap\" data-name=\"email-997\"><input size=\"40\" maxlength=\"400\" class=\"wpcf7-form-control wpcf7-email wpcf7-validates-as-required wpcf7-text wpcf7-validates-as-email longer\" aria-required=\"true\" aria-invalid=\"false\" placeholder=\"E-mail\" value=\"\" type=\"email\" name=\"email-997\" \/><\/span><span class=\"wpcf7-form-control-wrap\" data-name=\"telefon-535\"><input size=\"40\" maxlength=\"400\" class=\"wpcf7-form-control wpcf7-text wpcf7-validates-as-required shorter\" aria-required=\"true\" aria-invalid=\"false\" placeholder=\"Telefon\" value=\"\" type=\"text\" name=\"telefon-535\" \/><\/span><br \/>\n<input class=\"wpcf7-form-control wpcf7-submit has-spinner\" type=\"submit\" value=\"Senden\" \/>\n<\/p><p style=\"display: none !important;\" class=\"akismet-fields-container\" data-prefix=\"_wpcf7_ak_\"><label>&#916;<textarea name=\"_wpcf7_ak_hp_textarea\" cols=\"45\" rows=\"8\" maxlength=\"100\"><\/textarea><\/label><input type=\"hidden\" id=\"ak_js_3\" name=\"_wpcf7_ak_js\" value=\"116\"\/><script>document.getElementById( \"ak_js_3\" ).setAttribute( \"value\", ( new Date() ).getTime() );<\/script><\/p><input type='hidden' class='wpcf7-pum' value='{\"closepopup\":false,\"closedelay\":0,\"openpopup\":false,\"openpopup_id\":0}' \/><div class=\"wpcf7-response-output\" aria-hidden=\"true\"><\/div>\n<\/form>\n<\/div>\n<\/p>","protected":false},"excerpt":{"rendered":"<p>Business Taxi von der Firma \u00abBongo Takso\u00bb zeichnet sich durch einen angemessenen Preis, erstklassigen Kundenservice und Flexibilit\u00e4t aus. Wir verf\u00fcgen \u00fcber eine eigene PKW-Flotte in einem ausgezeichneten Fahrzeugzustand. Unsere Fahrer sind h\u00f6flich und p\u00fcnktlich, sie reagieren sich auch in schwierigen Situationen schnell. Unternehmen, die mit uns einen Gesch\u00e4ftskundenvertrag abgeschlossen haben, haben einen Festpreis f\u00fcr Fahrten [&hellip;]<\/p>\n","protected":false},"author":1,"featured_media":0,"parent":0,"menu_order":0,"comment_status":"closed","ping_status":"closed","template":"","meta":{"_acf_changed":false,"footnotes":""},"class_list":["post-630","page","type-page","status-publish","hentry"],"acf":[],"_links":{"self":[{"href":"https:\/\/bongo.ee\/de\/wp-json\/wp\/v2\/pages\/630","targetHints":{"allow":["GET"]}}],"collection":[{"href":"https:\/\/bongo.ee\/de\/wp-json\/wp\/v2\/pages"}],"about":[{"href":"https:\/\/bongo.ee\/de\/wp-json\/wp\/v2\/types\/page"}],"author":[{"embeddable":true,"href":"https:\/\/bongo.ee\/de\/wp-json\/wp\/v2\/users\/1"}],"replies":[{"embeddable":true,"href":"https:\/\/bongo.ee\/de\/wp-json\/wp\/v2\/comments?post=630"}],"version-history":[{"count":5,"href":"https:\/\/bongo.ee\/de\/wp-json\/wp\/v2\/pages\/630\/revisions"}],"predecessor-version":[{"id":1475,"href":"https:\/\/bongo.ee\/de\/wp-json\/wp\/v2\/pages\/630\/revisions\/1475"}],"wp:attachment":[{"href":"https:\/\/bongo.ee\/de\/wp-json\/wp\/v2\/media?parent=630"}],"curies":[{"name":"wp","href":"https:\/\/api.w.org\/{rel}","templated":true}]}}