{"id":1786,"date":"2026-01-28T06:24:07","date_gmt":"2026-01-28T03:24:07","guid":{"rendered":"https:\/\/www.bongo.ee\/?page_id=1786"},"modified":"2026-03-27T11:37:32","modified_gmt":"2026-03-27T08:37:32","slug":"uudised","status":"publish","type":"page","link":"https:\/\/bongo.ee\/de\/uudised\/","title":{"rendered":"Nachricht"},"content":{"rendered":"<p><\/p>\n<div class=\"pages\">1, <a href=\"https:\/\/www.bongo.ee\/de\/uudised-1\/\">2<\/a>, <a href=\"https:\/\/www.bongo.ee\/de\/uudised-2\/\">3<\/a>, <a href=\"https:\/\/www.bongo.ee\/de\/uudised-3\/\">4<\/a><\/div>\n<h4>27.03.2026<\/h4>\n<h3 class=\"news\">Vertrauen Sie Ihren Transfer Bongo Takso an<\/h3>\n<p style=\"text-align: justify;\">Planen Sie eine Reise oder empfangen Sie G\u00e4ste? Vertrauen Sie Ihren <a href=\"https:\/\/www.bongo.ee\/de\/transfeerteenus\/\">Transfer<\/a> Bongo Takso an. <\/p>\n<p style=\"text-align: justify;\">Seit \u00fcber 9 Jahren sorgen wir f\u00fcr komfortable und p\u00fcnktliche Fahrten \u2014 Sie entspannen sich, wir k\u00fcmmern uns um alles.<\/p>\n<p style=\"text-align: justify;\">\u2713 Wir ber\u00fccksichtigen Flugzeiten, Gep\u00e4ck und alle Details.<br \/>\n\u2713 Wir w\u00e4hlen das passende Fahrzeug f\u00fcr Sie aus.<br \/>\n\u2713 Wir kommen p\u00fcnktlich und helfen mit dem Gep\u00e4ck.<br \/>\n\u2713 Wir empfangen Sie am Flughafen mit einem Namensschild und bringen Sie direkt bis vor die T\u00fcr.<\/p>\n<p style=\"text-align: justify;\">Ob Gesch\u00e4ftspartner oder \u0431\u043b\u0438\u0437\u043a\u0438\u0435 \u2014 wir organisieren den Empfang am Flughafen, Hafen oder Bahnhof auf h\u00f6chstem Niveau.<\/p>\n<p style=\"text-align: justify;\">Beginnen und beenden Sie Ihre Reise stressfrei \u2014 mit Bongo Takso!<\/p>\n<p><img decoding=\"async\" src=\"https:\/\/www.bongo.ee\/wp-content\/uploads\/bt2026_09.jpg\" alt=\"Vertrauen Sie Ihren Transfer Bongo Takso an\" width=\"100%\" \/><\/p>\n<hr width=\"100%\" \/>\n<p>&nbsp;<\/p>\n<h4>16.02.2026<\/h4>\n<h3 class=\"news\">Im Fuhrpark von Bongo Takso gibt es erneut Zuwachs!<\/h3>\n<p style=\"text-align: justify;\">Wir freuen uns, die Anschaffung eines neuen Fahrzeugs &mdash; Toyota Corolla Cross &mdash; bekannt zu geben. Dies ist bereits das siebte neue Auto, das wir im vergangenen Jahr unserem Fuhrpark hinzugef\u00fcgt haben.<\/p>\n<p style=\"text-align: justify;\">Wir stehen nicht still &mdash; wir entwickeln uns stetig weiter und wissen, wie wichtig es ist, den Fuhrpark regelm\u00e4\u00dfig zu erneuern. Komfort, Sicherheit und moderne Technologien haben f\u00fcr uns h\u00f6chste Priorit\u00e4t. Deshalb w\u00e4hlen wir zuverl\u00e4ssige und moderne Fahrzeuge, die den Erwartungen unserer Kunden entsprechen.<\/p>\n<p style=\"text-align: justify;\">Diese Sch\u00f6nheit ist vor Kurzem zu unserem Fuhrpark gesto\u00dfen und bereit, unsere gesch\u00e4tzten Fahrg\u00e4ste zu begeistern.<\/p>\n<p style=\"text-align: justify;\">Wir streben danach, mit der Zeit zu gehen und die W\u00fcnsche unserer Kunden zu erf\u00fcllen. Bongo Takso &mdash; gemeinsam mit Ihnen vorw\u00e4rts!<\/p>\n<p><img decoding=\"async\" src=\"https:\/\/www.bongo.ee\/wp-content\/uploads\/bt2026_04.jpg\" width=\"100%\" alt=\"Im Fuhrpark von Bongo Takso gibt es erneut Zuwachs\"\/><\/p>\n<hr width=\"100%\" \/>\n<p>&nbsp;<\/p>\n<h4>15.10.2025<\/h4>\n<h3 class=\"news\">Merke dir Bingo-Bongo<\/h3>\n<p style=\"text-align: justify;\">Mach deine Fahrten mit Bongo Takso noch angenehmer und g\u00fcnstiger! Sag einfach beim Bestellen des Taxis den magischen Satz \u00abBingo-Bongo\u00bb \u2013 und der Rabatttarif wird sofort aktiviert.<\/p>\n<p style=\"text-align: justify;\">Merke dir <strong>Bingo-Bongo<\/strong>, nutze es selbst und teile es mit deinen Freunden!<\/p>\n<p><img decoding=\"async\" src=\"https:\/\/www.bongo.ee\/wp-content\/uploads\/bt2025_14.jpg\" alt=\"Bingo-Bongo\" width=\"100%\" \/><\/p>\n<hr width=\"100%\" \/>\n<p>&nbsp;<\/p>\n<div class=\"pages\">1, <a href=\"https:\/\/www.bongo.ee\/de\/uudised-1\/\">2<\/a>, <a href=\"https:\/\/www.bongo.ee\/de\/uudised-2\/\">3<\/a>, <a href=\"https:\/\/www.bongo.ee\/de\/uudised-3\/\">4<\/a><\/div>\n<p><\/p>","protected":false},"excerpt":{"rendered":"<p>1, 2, 3, 4 27.03.2026 Vertrauen Sie Ihren Transfer Bongo Takso an Planen Sie eine Reise oder empfangen Sie G\u00e4ste? Vertrauen Sie Ihren Transfer Bongo Takso an. Seit \u00fcber 9 Jahren sorgen wir f\u00fcr komfortable und p\u00fcnktliche Fahrten \u2014 Sie entspannen sich, wir k\u00fcmmern uns um alles. \u2713 Wir ber\u00fccksichtigen Flugzeiten, Gep\u00e4ck und alle Details. [&hellip;]<\/p>\n","protected":false},"author":1,"featured_media":0,"parent":0,"menu_order":0,"comment_status":"closed","ping_status":"closed","template":"","meta":{"_acf_changed":false,"footnotes":""},"class_list":["post-1786","page","type-page","status-publish","hentry"],"acf":[],"_links":{"self":[{"href":"https:\/\/bongo.ee\/de\/wp-json\/wp\/v2\/pages\/1786","targetHints":{"allow":["GET"]}}],"collection":[{"href":"https:\/\/bongo.ee\/de\/wp-json\/wp\/v2\/pages"}],"about":[{"href":"https:\/\/bongo.ee\/de\/wp-json\/wp\/v2\/types\/page"}],"author":[{"embeddable":true,"href":"https:\/\/bongo.ee\/de\/wp-json\/wp\/v2\/users\/1"}],"replies":[{"embeddable":true,"href":"https:\/\/bongo.ee\/de\/wp-json\/wp\/v2\/comments?post=1786"}],"version-history":[{"count":5,"href":"https:\/\/bongo.ee\/de\/wp-json\/wp\/v2\/pages\/1786\/revisions"}],"predecessor-version":[{"id":1883,"href":"https:\/\/bongo.ee\/de\/wp-json\/wp\/v2\/pages\/1786\/revisions\/1883"}],"wp:attachment":[{"href":"https:\/\/bongo.ee\/de\/wp-json\/wp\/v2\/media?parent=1786"}],"curies":[{"name":"wp","href":"https:\/\/api.w.org\/{rel}","templated":true}]}}