{"id":167,"date":"2016-11-18T16:41:11","date_gmt":"2016-11-18T16:41:11","guid":{"rendered":"https:\/\/bongo.ee\/?page_id=167"},"modified":"2025-06-20T15:39:54","modified_gmt":"2025-06-20T12:39:54","slug":"tule-toole","status":"publish","type":"page","link":"https:\/\/bongo.ee\/de\/tule-toole\/","title":{"rendered":"Stellenangebote"},"content":{"rendered":"<p><\/p>\n<p>Suchen Sie einen stabilen und interessanten Job? Schlie\u00dfen Sie sich unserem freundlichen BONGO-Taxi-Team an! <br \/>Wir freuen uns \u00fcber alle Interessierten, unabh\u00e4ngig von der Erfahrung &mdash; wir schulen Sie von Grund auf und unterst\u00fctzen Sie in jedem Schritt.<\/p>\n<h3 class=\"news\">Was wir bieten:<\/h3>\n<p>&bull; Offizielle Anstellung und Hilfe bei der Bearbeitung aller notwendigen Dokumente &mdash; sowohl f\u00fcr den Fahrer als auch f\u00fcr das Fahrzeug.<br \/>\n&bull; Schulung vor Ort: Wir bringen Ihnen bei, wie Sie mit dem Programm arbeiten, machen Sie mit den grundlegenden rechtlichen Kenntnissen und Servicestandards vertraut.<br \/>\n&bull; Fahrzeugauswahl: Sie haben die Wahl zwischen neuen und fast neuen Fahrzeugen aus unserer Flotte. Oder arbeiten Sie mit Ihrem eigenen Auto &mdash; alles ist einfach und bequem.<br \/>\n&bull; Flexibler Arbeitszeitplan: Sie entscheiden selbst, wann und wie viel Sie arbeiten m\u00f6chten.<br \/>\n&bull; 24\/7 Dispatcher-Service und Unterst\u00fctzung &mdash; wir sind immer erreichbar und bereit zu helfen.<br \/>\n&bull; Stabile Zahlungen: Keine Verz\u00f6gerungen, ein faires und transparentes Zahlungssystem.<br \/>\n&bull; Rechtliche Unterst\u00fctzung &mdash; immer an Ihrer Seite, falls Sie sie ben\u00f6tigen.<br \/>\n&bull; Freundliches Team und respektvolle Atmosph\u00e4re &mdash; bei uns macht die Arbeit Spa\u00df!<\/p>\n<h3 class=\"news\">Wen wir suchen:<\/h3>\n<p>Wir freuen uns \u00fcber Bewerber, die:<br \/>\n&bull; erfahrung im Taxifahren haben (aber das ist nicht erforderlich),<br \/>\n&bull; Tallinn gut kennen (oder bereit sind, es schnell zu lernen),<br \/>\n&bull; Estnisch sprechen (von Vorteil),<br \/>\n&bull; h\u00f6flich, ehrlich, flei\u00dfig und serviceorientiert sind.<\/p>\n<h3 class=\"news\">M\u00f6chten Sie bei uns arbeiten?<\/h3>\n<p>F\u00fcllen Sie das untenstehende Formular aus, senden Sie Ihren Lebenslauf an <a href=\"mailto: info@bongo.ee\">info@bongo.ee<\/a> oder rufen Sie uns an:<br \/>\n<a href=\"tel:+37255599952\">+372 55599952<\/a><\/p>\n<h3 class=\"news\">Wir warten auf Sie! <\/h3>\n<p>Starten Sie noch heute und verdienen Sie mit Freude!<\/p>\n<p>\n<div class=\"wpcf7 no-js\" id=\"wpcf7-f811-o3\" lang=\"et\" dir=\"ltr\" data-wpcf7-id=\"811\">\n<div class=\"screen-reader-response\"><p role=\"status\" aria-live=\"polite\" aria-atomic=\"true\"><\/p> <ul><\/ul><\/div>\n<form action=\"\/de\/wp-json\/wp\/v2\/pages\/167#wpcf7-f811-o3\" method=\"post\" class=\"wpcf7-form init\" aria-label=\"Contact form\" novalidate=\"novalidate\" data-status=\"init\">\n<fieldset class=\"hidden-fields-container\"><input type=\"hidden\" name=\"_wpcf7\" value=\"811\" \/><input type=\"hidden\" name=\"_wpcf7_version\" value=\"6.1.4\" \/><input type=\"hidden\" name=\"_wpcf7_locale\" value=\"et\" \/><input type=\"hidden\" name=\"_wpcf7_unit_tag\" value=\"wpcf7-f811-o3\" \/><input type=\"hidden\" name=\"_wpcf7_container_post\" value=\"0\" \/><input type=\"hidden\" name=\"_wpcf7_posted_data_hash\" value=\"\" \/><input type=\"hidden\" name=\"_wpcf7_recaptcha_response\" value=\"\" \/>\n<\/fieldset>\n<p><span class=\"wpcf7-form-control-wrap\" data-name=\"text-594\"><input size=\"40\" maxlength=\"400\" class=\"wpcf7-form-control wpcf7-text wpcf7-validates-as-required\" aria-required=\"true\" aria-invalid=\"false\" placeholder=\"Name\" value=\"\" type=\"text\" name=\"text-594\" \/><\/span><br \/>\n<span class=\"wpcf7-form-control-wrap\" data-name=\"email-482\"><input size=\"40\" maxlength=\"400\" class=\"wpcf7-form-control wpcf7-email wpcf7-validates-as-required wpcf7-text wpcf7-validates-as-email longer\" aria-required=\"true\" aria-invalid=\"false\" placeholder=\"E-mail\" value=\"\" type=\"email\" name=\"email-482\" \/><\/span><span class=\"wpcf7-form-control-wrap\" data-name=\"text-595\"><input size=\"40\" maxlength=\"400\" class=\"wpcf7-form-control wpcf7-text wpcf7-validates-as-required shorter\" aria-required=\"true\" aria-invalid=\"false\" placeholder=\"Telefonnummer\" value=\"\" type=\"text\" name=\"text-595\" \/><\/span><br \/>\n<input class=\"wpcf7-form-control wpcf7-submit has-spinner\" type=\"submit\" value=\"Senden\" \/>\n<\/p><p style=\"display: none !important;\" class=\"akismet-fields-container\" data-prefix=\"_wpcf7_ak_\"><label>&#916;<textarea name=\"_wpcf7_ak_hp_textarea\" cols=\"45\" rows=\"8\" maxlength=\"100\"><\/textarea><\/label><input type=\"hidden\" id=\"ak_js_3\" name=\"_wpcf7_ak_js\" value=\"69\"\/><script>document.getElementById( \"ak_js_3\" ).setAttribute( \"value\", ( new Date() ).getTime() );<\/script><\/p><input type='hidden' class='wpcf7-pum' value='{\"closepopup\":false,\"closedelay\":0,\"openpopup\":false,\"openpopup_id\":0}' \/><div class=\"wpcf7-response-output\" aria-hidden=\"true\"><\/div>\n<\/form>\n<\/div>\n<\/p>","protected":false},"excerpt":{"rendered":"<p>Suchen Sie einen stabilen und interessanten Job? Schlie\u00dfen Sie sich unserem freundlichen BONGO-Taxi-Team an! Wir freuen uns \u00fcber alle Interessierten, unabh\u00e4ngig von der Erfahrung &mdash; wir schulen Sie von Grund auf und unterst\u00fctzen Sie in jedem Schritt. Was wir bieten: &bull; Offizielle Anstellung und Hilfe bei der Bearbeitung aller notwendigen Dokumente &mdash; sowohl f\u00fcr den [&hellip;]<\/p>\n","protected":false},"author":1,"featured_media":0,"parent":0,"menu_order":0,"comment_status":"closed","ping_status":"closed","template":"","meta":{"_acf_changed":false,"footnotes":""},"class_list":["post-167","page","type-page","status-publish","hentry"],"acf":[],"_links":{"self":[{"href":"https:\/\/bongo.ee\/de\/wp-json\/wp\/v2\/pages\/167","targetHints":{"allow":["GET"]}}],"collection":[{"href":"https:\/\/bongo.ee\/de\/wp-json\/wp\/v2\/pages"}],"about":[{"href":"https:\/\/bongo.ee\/de\/wp-json\/wp\/v2\/types\/page"}],"author":[{"embeddable":true,"href":"https:\/\/bongo.ee\/de\/wp-json\/wp\/v2\/users\/1"}],"replies":[{"embeddable":true,"href":"https:\/\/bongo.ee\/de\/wp-json\/wp\/v2\/comments?post=167"}],"version-history":[{"count":5,"href":"https:\/\/bongo.ee\/de\/wp-json\/wp\/v2\/pages\/167\/revisions"}],"predecessor-version":[{"id":1742,"href":"https:\/\/bongo.ee\/de\/wp-json\/wp\/v2\/pages\/167\/revisions\/1742"}],"wp:attachment":[{"href":"https:\/\/bongo.ee\/de\/wp-json\/wp\/v2\/media?parent=167"}],"curies":[{"name":"wp","href":"https:\/\/api.w.org\/{rel}","templated":true}]}}