{"id":153,"date":"2016-11-18T16:23:34","date_gmt":"2016-11-18T16:23:34","guid":{"rendered":"https:\/\/bongo.ee\/?page_id=153"},"modified":"2024-07-11T10:50:04","modified_gmt":"2024-07-11T07:50:04","slug":"pusikliendile","status":"publish","type":"page","link":"https:\/\/bongo.ee\/de\/pusikliendile\/","title":{"rendered":"Stammkunde"},"content":{"rendered":"<p>Wir freuen uns, Sie \u00fcber die Einf\u00fchrung eines Rabattsystems f\u00fcr unsere Stammkunden informieren zu k\u00f6nnen.<\/p>\n<p>Wenn Sie ein Taxi \u00fcber Telefonzentrale unter <a href=\"tel:+37215157\">15157<\/a>, <a href=\"tel:+3726615157\">+372 66 15157<\/a>, <a href=\"tel:+37253441111\">+372 53 44 1111<\/a> bestellen, erhalten Sie f\u00fcr jede f\u00fcnfte Ihrer Fahrten einen Rabatt in Form einer geringeren Grundgeb\u00fchr (-2.55\u20ac). 2.55\u20ac werden vom Endbetrag der Reise abgezogen und Sie zahlen nur die Kilometerkosten von 0.55\u20ac\/km (0.75\u20ac\/km).<\/p>\n<p>Um an unserem Kundenprogramm teilzunehmen, f\u00fcllen Sie bitte das folgende Formular aus und senden Sie es ab. Sie erhalten ein E-Mail mit einer pers\u00f6nlichen Kundenkartennummer. Sie k\u00f6nnen auch unser Kunde werden, indem Sie die Telefonnummern der Telefonzentrale <a href=\"tel:+3726615157\">+372 66 15157<\/a> oder <a href=\"tel:+37253441111\">+372 53 44 1111<\/a> anrufen.<\/p>\n<p>Wenn Sie ein Taxi \u00fcber dieTelefonzentrale unter <a href=\"tel:+37215157\">15157<\/a>, <a href=\"tel:+3726615157\">+372 66 15157<\/a> oder <a href=\"tel:+37253441111\">+372 53 44 1111<\/a> bestellen, teilen Sie derTelefonzentrale Ihre Kartennummer mit und sammeln Sie noch heute Erm\u00e4\u00dfigungen f\u00fcr kommende Fahrten.<\/p>\n<div class=\"pusikliendile-form-div\">\n<div class=\"pusikliendile-form-div-inner-wrap\">\n<div class=\"wpcf7 no-js\" id=\"wpcf7-f816-o3\" lang=\"en-US\" dir=\"ltr\" data-wpcf7-id=\"816\">\n<div class=\"screen-reader-response\"><p role=\"status\" aria-live=\"polite\" aria-atomic=\"true\"><\/p> <ul><\/ul><\/div>\n<form action=\"\/de\/wp-json\/wp\/v2\/pages\/153#wpcf7-f816-o3\" method=\"post\" class=\"wpcf7-form init\" aria-label=\"Contact form\" novalidate=\"novalidate\" data-status=\"init\">\n<fieldset class=\"hidden-fields-container\"><input type=\"hidden\" name=\"_wpcf7\" value=\"816\" \/><input type=\"hidden\" name=\"_wpcf7_version\" value=\"6.1.4\" \/><input type=\"hidden\" name=\"_wpcf7_locale\" value=\"en_US\" \/><input type=\"hidden\" name=\"_wpcf7_unit_tag\" value=\"wpcf7-f816-o3\" \/><input type=\"hidden\" name=\"_wpcf7_container_post\" value=\"0\" \/><input type=\"hidden\" name=\"_wpcf7_posted_data_hash\" value=\"\" \/><input type=\"hidden\" name=\"_wpcf7_recaptcha_response\" value=\"\" \/>\n<\/fieldset>\n<p><span class=\"wpcf7-form-control-wrap\" data-name=\"nimi-840\"><input size=\"40\" maxlength=\"400\" class=\"wpcf7-form-control wpcf7-text wpcf7-validates-as-required pusiklient-name longer\" aria-required=\"true\" aria-invalid=\"false\" placeholder=\"Name\" value=\"\" type=\"text\" name=\"nimi-840\" \/><\/span><span class=\"wpcf7-form-control-wrap\" data-name=\"tel-465\"><input size=\"40\" maxlength=\"400\" class=\"wpcf7-form-control wpcf7-tel wpcf7-validates-as-required wpcf7-text wpcf7-validates-as-tel pusiklient-phone shorter\" aria-required=\"true\" aria-invalid=\"false\" placeholder=\"Telefon\" value=\"\" type=\"tel\" name=\"tel-465\" \/><\/span><br \/>\n<span class=\"wpcf7-form-control-wrap\" data-name=\"email-290\"><input size=\"40\" maxlength=\"400\" class=\"wpcf7-form-control wpcf7-email wpcf7-validates-as-required wpcf7-text wpcf7-validates-as-email pusiklient-email\" aria-required=\"true\" aria-invalid=\"false\" placeholder=\"E-mail\" value=\"\" type=\"email\" name=\"email-290\" \/><\/span><br \/>\n<span id=\"wpcf7-69d60e64a739c-wrapper\" class=\"wpcf7-form-control-wrap required-743-wrap\" style=\"display:none !important; visibility:hidden !important;\"><input type=\"hidden\" name=\"required-743-time-start\" value=\"1775636068\"><input type=\"hidden\" name=\"required-743-time-check\" value=\"3\"><label for=\"wpcf7-69d60e64a739c-field\" class=\"hp-message\">Please leave this field empty.<\/label><input id=\"wpcf7-69d60e64a739c-field\"  placeholder=\"Bongo\"  class=\"wpcf7-form-control wpcf7-text\" type=\"text\" name=\"required-743\" value=\"\" size=\"40\" tabindex=\"-1\" autocomplete=\"off\" \/><\/span><br \/>\n<span class=\"wpcf7-form-control-wrap\" data-name=\"date-689\"><input size=\"40\" maxlength=\"400\" class=\"wpcf7-form-control wpcf7-text wpcf7-validates-as-required pusiklient-date\" aria-required=\"true\" aria-invalid=\"false\" placeholder=\"Datum (dd.mm.yyyy)\" value=\"\" type=\"text\" name=\"date-689\" \/><\/span><br \/>\n<span class=\"wpcf7-form-control-wrap\" data-name=\"date-690\"><input size=\"40\" maxlength=\"400\" class=\"wpcf7-form-control wpcf7-text wpcf7-validates-as-required pusiklient-date\" aria-required=\"true\" aria-invalid=\"false\" placeholder=\"Ihr Geburtsdatum (dd.mm.yyyy)\" value=\"\" type=\"text\" name=\"date-690\" \/><\/span><br \/>\n<input class=\"wpcf7-form-control wpcf7-submit has-spinner pusiklient-button\" type=\"submit\" value=\"Senden\" \/>\n<\/p><p style=\"display: none !important;\" class=\"akismet-fields-container\" data-prefix=\"_wpcf7_ak_\"><label>&#916;<textarea name=\"_wpcf7_ak_hp_textarea\" cols=\"45\" rows=\"8\" maxlength=\"100\"><\/textarea><\/label><input type=\"hidden\" id=\"ak_js_3\" name=\"_wpcf7_ak_js\" value=\"23\"\/><script>document.getElementById( \"ak_js_3\" ).setAttribute( \"value\", ( new Date() ).getTime() );<\/script><\/p><input type='hidden' class='wpcf7-pum' value='{\"closepopup\":false,\"closedelay\":0,\"openpopup\":false,\"openpopup_id\":0}' \/><div class=\"wpcf7-response-output\" aria-hidden=\"true\"><\/div>\n<\/form>\n<\/div>\n<\/div>\n<\/div>\n<p><\/p>","protected":false},"excerpt":{"rendered":"<p>Wir freuen uns, Sie \u00fcber die Einf\u00fchrung eines Rabattsystems f\u00fcr unsere Stammkunden informieren zu k\u00f6nnen. Wenn Sie ein Taxi \u00fcber Telefonzentrale unter 15157, +372 66 15157, +372 53 44 1111 bestellen, erhalten Sie f\u00fcr jede f\u00fcnfte Ihrer Fahrten einen Rabatt in Form einer geringeren Grundgeb\u00fchr (-2.55\u20ac). 2.55\u20ac werden vom Endbetrag der Reise abgezogen und Sie [&hellip;]<\/p>\n","protected":false},"author":1,"featured_media":0,"parent":0,"menu_order":0,"comment_status":"closed","ping_status":"closed","template":"","meta":{"_acf_changed":false,"footnotes":""},"class_list":["post-153","page","type-page","status-publish","hentry"],"acf":[],"_links":{"self":[{"href":"https:\/\/bongo.ee\/de\/wp-json\/wp\/v2\/pages\/153","targetHints":{"allow":["GET"]}}],"collection":[{"href":"https:\/\/bongo.ee\/de\/wp-json\/wp\/v2\/pages"}],"about":[{"href":"https:\/\/bongo.ee\/de\/wp-json\/wp\/v2\/types\/page"}],"author":[{"embeddable":true,"href":"https:\/\/bongo.ee\/de\/wp-json\/wp\/v2\/users\/1"}],"replies":[{"embeddable":true,"href":"https:\/\/bongo.ee\/de\/wp-json\/wp\/v2\/comments?post=153"}],"version-history":[{"count":5,"href":"https:\/\/bongo.ee\/de\/wp-json\/wp\/v2\/pages\/153\/revisions"}],"predecessor-version":[{"id":1597,"href":"https:\/\/bongo.ee\/de\/wp-json\/wp\/v2\/pages\/153\/revisions\/1597"}],"wp:attachment":[{"href":"https:\/\/bongo.ee\/de\/wp-json\/wp\/v2\/media?parent=153"}],"curies":[{"name":"wp","href":"https:\/\/api.w.org\/{rel}","templated":true}]}}